{"id":128,"date":"2020-07-28T09:27:36","date_gmt":"2020-07-28T12:27:36","guid":{"rendered":"http:\/\/ergoehealth.com.br\/site\/?page_id=128"},"modified":"2020-09-03T14:32:48","modified_gmt":"2020-09-03T17:32:48","slug":"direcao","status":"publish","type":"page","link":"https:\/\/ergoehealthconsultoria.com.br\/site\/direcao\/","title":{"rendered":"Dire\u00e7\u00e3o"},"content":{"rendered":"<div id=\"pl-128\"  class=\"panel-layout\" ><div id=\"pg-128-0\"  class=\"panel-grid panel-no-style\" ><div id=\"pgc-128-0-0\"  class=\"panel-grid-cell\" ><div id=\"panel-128-0-0-0\" class=\"so-panel widget widget_sow-image panel-first-child\" data-index=\"0\" ><div class=\"so-widget-sow-image so-widget-sow-image-default-17bc2272b535\">\n\n<div class=\"sow-image-container\">\n\t<img src=\"https:\/\/ergoehealthconsultoria.com.br\/site\/wp-content\/uploads\/2020\/07\/larissa-300x300.png\" width=\"300\" height=\"300\" srcset=\"https:\/\/ergoehealthconsultoria.com.br\/site\/wp-content\/uploads\/2020\/07\/larissa-300x300.png 300w, https:\/\/ergoehealthconsultoria.com.br\/site\/wp-content\/uploads\/2020\/07\/larissa-150x150.png 150w, https:\/\/ergoehealthconsultoria.com.br\/site\/wp-content\/uploads\/2020\/07\/larissa.png 624w\" sizes=\"(max-width: 300px) 100vw, 300px\" title=\"Larissa\" alt=\"\" \t\tclass=\"so-widget-image\"\/>\n<\/div>\n\n<\/div><\/div><div id=\"panel-128-0-0-1\" class=\"so-panel widget widget_sow-editor panel-last-child\" data-index=\"1\" ><div class=\"so-widget-sow-editor so-widget-sow-editor-base\"><h3 class=\"widget-title\">Larissa Cavichioli Mendes Ferreira<\/h3>\n<div class=\"siteorigin-widget-tinymce textwidget\">\n\t<ul>\n<li>Fisioterapeuta Especialista em Ergonomia e Sistema de Gest\u00e3o de Sa\u00fade, Seguran\u00e7a, Meio Ambiente, Qualidade e Responsabilidade Social (SGI), Aperfei\u00e7oada em Per\u00edcia Judicial do Trabalho. Possui experi\u00eancia na \u00e1rea de Assessoria em Ergonomia, Fisioterapia do Trabalho, Per\u00edcias Judiciais Cinesiol\u00f3gicas de car\u00e1ter c\u00edvel \/ trabalhista e Consultora em elabora\u00e7\u00e3o de laudo para enquadramento de inclus\u00e3o pela lei de cotas - Classifica\u00e7\u00e3o Internacional de Funcionalidade, Incapacidade e Sa\u00fade (CIF).<\/li>\n<\/ul>\n<\/div>\n<\/div><\/div><\/div><div id=\"pgc-128-0-1\"  class=\"panel-grid-cell\" ><div id=\"panel-128-0-1-0\" class=\"so-panel widget widget_sow-image panel-first-child\" data-index=\"2\" ><div class=\"so-widget-sow-image so-widget-sow-image-default-17bc2272b535\">\n\n<div class=\"sow-image-container\">\n\t<img src=\"https:\/\/ergoehealthconsultoria.com.br\/site\/wp-content\/uploads\/2020\/07\/marilia-300x300.png\" width=\"300\" height=\"300\" srcset=\"https:\/\/ergoehealthconsultoria.com.br\/site\/wp-content\/uploads\/2020\/07\/marilia-300x300.png 300w, https:\/\/ergoehealthconsultoria.com.br\/site\/wp-content\/uploads\/2020\/07\/marilia-150x150.png 150w, https:\/\/ergoehealthconsultoria.com.br\/site\/wp-content\/uploads\/2020\/07\/marilia.png 698w\" sizes=\"(max-width: 300px) 100vw, 300px\" title=\"Mar\u00edlia\" alt=\"\" \t\tclass=\"so-widget-image\"\/>\n<\/div>\n\n<\/div><\/div><div id=\"panel-128-0-1-1\" class=\"so-panel widget widget_sow-editor panel-last-child\" data-index=\"3\" ><div class=\"so-widget-sow-editor so-widget-sow-editor-base\"><h3 class=\"widget-title\">Marilia Cavichioli Mendes Ferreira Segoria<\/h3>\n<div class=\"siteorigin-widget-tinymce textwidget\">\n\t<ul>\n<li>Fisioterapeuta Especialista em Ergonomia, Fisioterapia do Trabalho e Fisioterapia M\u00fasculo Esquel\u00e9tica, Aperfei\u00e7oada em Per\u00edcia Judicial do Trabalho. Possui experi\u00eancia na \u00e1rea de Assessoria em Ergonomia, Fisioterapia do Trabalho, e Per\u00edcias Judiciais Cinesiol\u00f3gicas de car\u00e1ter trabalhista, Consultora em elabora\u00e7\u00e3o de laudo para enquadramento de inclus\u00e3o pela lei de cotas - Classifica\u00e7\u00e3o Internacional de Funcionalidade, Incapacidade e Sa\u00fade (CIF) e Professora Universit\u00e1ria da \u00e1rea de Sa\u00fade.<\/li>\n<\/ul>\n<\/div>\n<\/div><\/div><\/div><\/div><\/div>","protected":false},"excerpt":{"rendered":"<p>Fisioterapeuta Especialista em Ergonomia e Sistema de Gest\u00e3o de Sa\u00fade, Seguran\u00e7a, Meio Ambiente, Qualidade e Responsabilidade Social (SGI), Aperfei\u00e7oada em Per\u00edcia Judicial do Trabalho. Possui experi\u00eancia na \u00e1rea de Assessoria em Ergonomia, Fisioterapia do Trabalho, Per\u00edcias Judiciais Cinesiol\u00f3gicas de car\u00e1ter c\u00edvel \/ trabalhista e Consultora em elabora\u00e7\u00e3o de laudo para enquadramento de inclus\u00e3o pela lei [&hellip;]<\/p>\n","protected":false},"author":1,"featured_media":0,"parent":0,"menu_order":12,"comment_status":"closed","ping_status":"closed","template":"","meta":[],"yoast_head":"<!-- This site is optimized with the Yoast SEO plugin v14.9 - https:\/\/yoast.com\/wordpress\/plugins\/seo\/ -->\n<title>Dire\u00e7\u00e3o - Ergo &amp; Health Consultoria<\/title>\n<meta name=\"robots\" content=\"index, follow, max-snippet:-1, max-image-preview:large, max-video-preview:-1\" \/>\n<link rel=\"canonical\" href=\"http:\/\/ergoehealthconsultoria.com.br\/site\/direcao\/\" \/>\n<meta property=\"og:locale\" content=\"pt_BR\" \/>\n<meta property=\"og:type\" content=\"article\" \/>\n<meta property=\"og:title\" content=\"Dire\u00e7\u00e3o - Ergo &amp; Health Consultoria\" \/>\n<meta property=\"og:description\" content=\"Fisioterapeuta Especialista em Ergonomia e Sistema de Gest\u00e3o de Sa\u00fade, Seguran\u00e7a, Meio Ambiente, Qualidade e Responsabilidade Social (SGI), Aperfei\u00e7oada em Per\u00edcia Judicial do Trabalho. Possui experi\u00eancia na \u00e1rea de Assessoria em Ergonomia, Fisioterapia do Trabalho, Per\u00edcias Judiciais Cinesiol\u00f3gicas de car\u00e1ter c\u00edvel \/ trabalhista e Consultora em elabora\u00e7\u00e3o de laudo para enquadramento de inclus\u00e3o pela lei [&hellip;]\" \/>\n<meta property=\"og:url\" content=\"http:\/\/ergoehealthconsultoria.com.br\/site\/direcao\/\" \/>\n<meta property=\"og:site_name\" content=\"Ergo &amp; Health Consultoria\" \/>\n<meta property=\"article:modified_time\" content=\"2020-09-03T17:32:48+00:00\" \/>\n<meta name=\"twitter:card\" content=\"summary_large_image\" \/>\n<script type=\"application\/ld+json\" class=\"yoast-schema-graph\">{\"@context\":\"https:\/\/schema.org\",\"@graph\":[{\"@type\":\"WebSite\",\"@id\":\"https:\/\/ergoehealthconsultoria.com.br\/site\/#website\",\"url\":\"https:\/\/ergoehealthconsultoria.com.br\/site\/\",\"name\":\"Ergo &amp; Health Consultoria\",\"description\":\"Ergonomia e Qualidade de Vida\",\"potentialAction\":[{\"@type\":\"SearchAction\",\"target\":\"https:\/\/ergoehealthconsultoria.com.br\/site\/?s={search_term_string}\",\"query-input\":\"required name=search_term_string\"}],\"inLanguage\":\"pt-BR\"},{\"@type\":\"WebPage\",\"@id\":\"http:\/\/ergoehealthconsultoria.com.br\/site\/direcao\/#webpage\",\"url\":\"http:\/\/ergoehealthconsultoria.com.br\/site\/direcao\/\",\"name\":\"Dire\\u00e7\\u00e3o - Ergo &amp; Health Consultoria\",\"isPartOf\":{\"@id\":\"https:\/\/ergoehealthconsultoria.com.br\/site\/#website\"},\"datePublished\":\"2020-07-28T12:27:36+00:00\",\"dateModified\":\"2020-09-03T17:32:48+00:00\",\"inLanguage\":\"pt-BR\",\"potentialAction\":[{\"@type\":\"ReadAction\",\"target\":[\"http:\/\/ergoehealthconsultoria.com.br\/site\/direcao\/\"]}]}]}<\/script>\n<!-- \/ Yoast SEO plugin. -->","_links":{"self":[{"href":"https:\/\/ergoehealthconsultoria.com.br\/site\/wp-json\/wp\/v2\/pages\/128"}],"collection":[{"href":"https:\/\/ergoehealthconsultoria.com.br\/site\/wp-json\/wp\/v2\/pages"}],"about":[{"href":"https:\/\/ergoehealthconsultoria.com.br\/site\/wp-json\/wp\/v2\/types\/page"}],"author":[{"embeddable":true,"href":"https:\/\/ergoehealthconsultoria.com.br\/site\/wp-json\/wp\/v2\/users\/1"}],"replies":[{"embeddable":true,"href":"https:\/\/ergoehealthconsultoria.com.br\/site\/wp-json\/wp\/v2\/comments?post=128"}],"version-history":[{"count":5,"href":"https:\/\/ergoehealthconsultoria.com.br\/site\/wp-json\/wp\/v2\/pages\/128\/revisions"}],"predecessor-version":[{"id":542,"href":"https:\/\/ergoehealthconsultoria.com.br\/site\/wp-json\/wp\/v2\/pages\/128\/revisions\/542"}],"wp:attachment":[{"href":"https:\/\/ergoehealthconsultoria.com.br\/site\/wp-json\/wp\/v2\/media?parent=128"}],"curies":[{"name":"wp","href":"https:\/\/api.w.org\/{rel}","templated":true}]}}