{"id":15,"date":"2020-07-02T10:45:47","date_gmt":"2020-07-02T13:45:47","guid":{"rendered":"http:\/\/ergoehealth.com.br\/site\/?page_id=15"},"modified":"2020-07-29T17:51:09","modified_gmt":"2020-07-29T20:51:09","slug":"empresa","status":"publish","type":"page","link":"https:\/\/ergoehealthconsultoria.com.br\/site\/empresa\/","title":{"rendered":"Empresa"},"content":{"rendered":"\n<figure class=\"wp-block-image size-large\"><img loading=\"lazy\" width=\"900\" height=\"600\" src=\"http:\/\/ergoehealth.com.br\/site\/wp-content\/uploads\/2020\/07\/serv01.jpg\" alt=\"\" class=\"wp-image-136\" srcset=\"https:\/\/ergoehealthconsultoria.com.br\/site\/wp-content\/uploads\/2020\/07\/serv01.jpg 900w, https:\/\/ergoehealthconsultoria.com.br\/site\/wp-content\/uploads\/2020\/07\/serv01-300x200.jpg 300w, https:\/\/ergoehealthconsultoria.com.br\/site\/wp-content\/uploads\/2020\/07\/serv01-768x512.jpg 768w, https:\/\/ergoehealthconsultoria.com.br\/site\/wp-content\/uploads\/2020\/07\/serv01-272x182.jpg 272w\" sizes=\"(max-width: 900px) 100vw, 900px\" \/><\/figure>\n\n\n\n<p>A Ergo &amp; Health \u00e9 uma empresa especializada em Fisioterapia do Trabalho e Ergonomia, atuante h\u00e1 mais de 15 anos no mercado de trabalho, a qual promove programas destinados \u00e0s empresas que buscam adequar-se \u00e0s normas t\u00e9cnicas, \u00e0 preven\u00e7\u00e3o de doen\u00e7as ocupacionais, \u00e0 redu\u00e7\u00e3o de riscos laborais e consecutivamente redu\u00e7\u00e3o do absente\u00edsmo laboral, proporcionando sa\u00fade, seguran\u00e7a e qualidade de vida para seus funcion\u00e1rios.<\/p>\n\n\n\n<p>Com programas espec\u00edficos e adequados as necessidade de cada caso, tamb\u00e9m oferecemos aos nossos clientes avalia\u00e7\u00e3o, implanta\u00e7\u00e3o e acompanhamento de programas contratados.<\/p>\n\n\n\n<p>Nossa abordagem gerencial \u00e9 focada na redu\u00e7\u00e3o do absente\u00edsmo empresarial, dos passivos trabalhistas, melhoria na produtividade e conforto para os funcion\u00e1rios.<\/p>\n\n\n\n<p>Nossos <strong>valores<\/strong> consistem em agir com <strong>\u00e9tica, comprometimento, confidencialidade, inova\u00e7\u00e3o e qualidade em servi\u00e7os<\/strong>.<\/p>\n","protected":false},"excerpt":{"rendered":"<p>A Ergo &amp; Health \u00e9 uma empresa especializada em Fisioterapia do Trabalho e Ergonomia, atuante h\u00e1 mais de 15 anos no mercado de trabalho, a qual promove programas destinados \u00e0s empresas que buscam adequar-se \u00e0s normas t\u00e9cnicas, \u00e0 preven\u00e7\u00e3o de doen\u00e7as ocupacionais, \u00e0 redu\u00e7\u00e3o de riscos laborais e consecutivamente redu\u00e7\u00e3o do absente\u00edsmo laboral, proporcionando sa\u00fade, [&hellip;]<\/p>\n","protected":false},"author":1,"featured_media":0,"parent":0,"menu_order":15,"comment_status":"closed","ping_status":"closed","template":"","meta":[],"yoast_head":"<!-- This site is optimized with the Yoast SEO plugin v14.9 - https:\/\/yoast.com\/wordpress\/plugins\/seo\/ -->\n<title>Empresa - Ergo &amp; Health Consultoria<\/title>\n<meta name=\"robots\" content=\"index, follow, max-snippet:-1, max-image-preview:large, max-video-preview:-1\" \/>\n<link rel=\"canonical\" href=\"http:\/\/ergoehealthconsultoria.com.br\/site\/empresa\/\" \/>\n<meta property=\"og:locale\" content=\"pt_BR\" \/>\n<meta property=\"og:type\" content=\"article\" \/>\n<meta property=\"og:title\" content=\"Empresa - Ergo &amp; Health Consultoria\" \/>\n<meta property=\"og:description\" content=\"A Ergo &amp; Health \u00e9 uma empresa especializada em Fisioterapia do Trabalho e Ergonomia, atuante h\u00e1 mais de 15 anos no mercado de trabalho, a qual promove programas destinados \u00e0s empresas que buscam adequar-se \u00e0s normas t\u00e9cnicas, \u00e0 preven\u00e7\u00e3o de doen\u00e7as ocupacionais, \u00e0 redu\u00e7\u00e3o de riscos laborais e consecutivamente redu\u00e7\u00e3o do absente\u00edsmo laboral, proporcionando sa\u00fade, [&hellip;]\" \/>\n<meta property=\"og:url\" content=\"http:\/\/ergoehealthconsultoria.com.br\/site\/empresa\/\" \/>\n<meta property=\"og:site_name\" content=\"Ergo &amp; Health Consultoria\" \/>\n<meta property=\"article:modified_time\" content=\"2020-07-29T20:51:09+00:00\" \/>\n<meta property=\"og:image\" content=\"http:\/\/ergoehealth.com.br\/site\/wp-content\/uploads\/2020\/07\/serv01.jpg\" \/>\n<meta name=\"twitter:card\" content=\"summary_large_image\" \/>\n<script type=\"application\/ld+json\" class=\"yoast-schema-graph\">{\"@context\":\"https:\/\/schema.org\",\"@graph\":[{\"@type\":\"WebSite\",\"@id\":\"https:\/\/ergoehealthconsultoria.com.br\/site\/#website\",\"url\":\"https:\/\/ergoehealthconsultoria.com.br\/site\/\",\"name\":\"Ergo &amp; Health Consultoria\",\"description\":\"Ergonomia e Qualidade de Vida\",\"potentialAction\":[{\"@type\":\"SearchAction\",\"target\":\"https:\/\/ergoehealthconsultoria.com.br\/site\/?s={search_term_string}\",\"query-input\":\"required name=search_term_string\"}],\"inLanguage\":\"pt-BR\"},{\"@type\":\"ImageObject\",\"@id\":\"http:\/\/ergoehealthconsultoria.com.br\/site\/empresa\/#primaryimage\",\"inLanguage\":\"pt-BR\",\"url\":\"http:\/\/ergoehealth.com.br\/site\/wp-content\/uploads\/2020\/07\/serv01.jpg\"},{\"@type\":\"WebPage\",\"@id\":\"http:\/\/ergoehealthconsultoria.com.br\/site\/empresa\/#webpage\",\"url\":\"http:\/\/ergoehealthconsultoria.com.br\/site\/empresa\/\",\"name\":\"Empresa - Ergo &amp; Health Consultoria\",\"isPartOf\":{\"@id\":\"https:\/\/ergoehealthconsultoria.com.br\/site\/#website\"},\"primaryImageOfPage\":{\"@id\":\"http:\/\/ergoehealthconsultoria.com.br\/site\/empresa\/#primaryimage\"},\"datePublished\":\"2020-07-02T13:45:47+00:00\",\"dateModified\":\"2020-07-29T20:51:09+00:00\",\"inLanguage\":\"pt-BR\",\"potentialAction\":[{\"@type\":\"ReadAction\",\"target\":[\"http:\/\/ergoehealthconsultoria.com.br\/site\/empresa\/\"]}]}]}<\/script>\n<!-- \/ Yoast SEO plugin. -->","_links":{"self":[{"href":"https:\/\/ergoehealthconsultoria.com.br\/site\/wp-json\/wp\/v2\/pages\/15"}],"collection":[{"href":"https:\/\/ergoehealthconsultoria.com.br\/site\/wp-json\/wp\/v2\/pages"}],"about":[{"href":"https:\/\/ergoehealthconsultoria.com.br\/site\/wp-json\/wp\/v2\/types\/page"}],"author":[{"embeddable":true,"href":"https:\/\/ergoehealthconsultoria.com.br\/site\/wp-json\/wp\/v2\/users\/1"}],"replies":[{"embeddable":true,"href":"https:\/\/ergoehealthconsultoria.com.br\/site\/wp-json\/wp\/v2\/comments?post=15"}],"version-history":[{"count":3,"href":"https:\/\/ergoehealthconsultoria.com.br\/site\/wp-json\/wp\/v2\/pages\/15\/revisions"}],"predecessor-version":[{"id":162,"href":"https:\/\/ergoehealthconsultoria.com.br\/site\/wp-json\/wp\/v2\/pages\/15\/revisions\/162"}],"wp:attachment":[{"href":"https:\/\/ergoehealthconsultoria.com.br\/site\/wp-json\/wp\/v2\/media?parent=15"}],"curies":[{"name":"wp","href":"https:\/\/api.w.org\/{rel}","templated":true}]}}