{"id":239,"date":"2020-08-05T15:50:34","date_gmt":"2020-08-05T18:50:34","guid":{"rendered":"http:\/\/ergoehealth.com.br\/site\/?page_id=239"},"modified":"2020-09-27T20:04:02","modified_gmt":"2020-09-27T23:04:02","slug":"home","status":"publish","type":"page","link":"https:\/\/ergoehealthconsultoria.com.br\/site\/","title":{"rendered":"Home"},"content":{"rendered":"<div id=\"pl-239\"  class=\"panel-layout\" ><div id=\"pg-239-0\"  class=\"panel-grid panel-has-style\" ><div class=\"siteorigin-panels-stretch panel-row-style panel-row-style-for-239-0\" data-stretch-type=\"full-stretched\" ><div id=\"pgc-239-0-0\"  class=\"panel-grid-cell\" ><div id=\"panel-239-0-0-0\" class=\"so-panel widget widget_sow-hero panel-first-child panel-last-child\" data-index=\"0\" ><div class=\"so-widget-sow-hero so-widget-sow-hero-default-b937020a4a45 so-widget-fittext-wrapper\" data-fit-text-compressor=\"0.85\"><div class=\"sow-slider-base \" style=\"display: none\"><ul class=\"sow-slider-images\" data-settings=\"{&quot;pagination&quot;:true,&quot;speed&quot;:800,&quot;timeout&quot;:8000,&quot;paused&quot;:false,&quot;pause_on_hover&quot;:false,&quot;swipe&quot;:true,&quot;nav_always_show_mobile&quot;:&quot;&quot;,&quot;breakpoint&quot;:&quot;780px&quot;}\">\t\t<li class=\"sow-slider-image  sow-slider-image-cover\" style=\"background-color: #ffffff;background-image: url(https:\/\/ergoehealthconsultoria.com.br\/site\/wp-content\/uploads\/2020\/08\/banner1.jpg)\" >\n\t\t\t\t\t<div class=\"sow-slider-image-container\">\n\t\t\t<div class=\"sow-slider-image-wrapper\">\n\t\t\t\t<h1 style=\"text-align: center\">Treinamento in-company<\/h1>\n<h5 style=\"text-align: center\">Treinamentos adequados a cada realidade<\/h5>\n<div class=\"sow-hero-buttons\" style=\"text-align: center\"><div class=\"so-widget-sow-button so-widget-sow-button-flat-c5593b3169d8\"><div class=\"ow-button-base ow-button-align-center\">\n\t<a href=\"https:\/\/ergoehealthconsultoria.com.br\/site\/servicos\/\" class=\"ow-icon-placement-left ow-button-hover\" \t\t>\n\t\t<span>\n\t\t\t\n\t\t\tSaiba mais\t\t<\/span>\n\t<\/a>\n<\/div>\n<\/div><\/div>\t\t\t<\/div>\n\t\t<\/div>\n\t\t\t\t<\/li>\n\t\t\t\t<li class=\"sow-slider-image  sow-slider-image-cover\" style=\"background-color: #ffffff;background-image: url(https:\/\/ergoehealthconsultoria.com.br\/site\/wp-content\/uploads\/2020\/08\/banner2.jpg)\" >\n\t\t\t\t\t<div class=\"sow-slider-image-container\">\n\t\t\t<div class=\"sow-slider-image-wrapper\">\n\t\t\t\t<h1 style=\"text-align: center\">Acessibilidade garantida <\/h1>\n<h5 style=\"text-align: center\">Orienta\u00e7\u00f5es para adequa\u00e7\u00e3o do espa\u00e7o de trabalho<\/h5>\n<div class=\"sow-hero-buttons\" style=\"text-align: center\"><div class=\"so-widget-sow-button so-widget-sow-button-flat-42e72baf9e57\"><div class=\"ow-button-base ow-button-align-center\">\n\t<a href=\"https:\/\/ergoehealthconsultoria.com.br\/site\/servicos\/\" class=\"ow-icon-placement-left ow-button-hover\" \t\t>\n\t\t<span>\n\t\t\t\n\t\t\tSaiba mais\t\t<\/span>\n\t<\/a>\n<\/div>\n<\/div><\/div>\t\t\t<\/div>\n\t\t<\/div>\n\t\t\t\t<\/li>\n\t\t\t\t<li class=\"sow-slider-image  sow-slider-image-cover\" style=\"background-color: #ffffff;background-image: url(https:\/\/ergoehealthconsultoria.com.br\/site\/wp-content\/uploads\/2020\/08\/banner3.jpg)\" >\n\t\t\t\t\t<div class=\"sow-slider-image-container\">\n\t\t\t<div class=\"sow-slider-image-wrapper\">\n\t\t\t\t<h1 style=\"text-align: center\">Vamos criar juntos um lugar melhor para trabalhar?<\/h1>\n<h5 style=\"text-align: center\">Nossos servi\u00e7os garantem maior produtividade<\/h5>\n<div class=\"sow-hero-buttons\" style=\"text-align: center\"><div class=\"so-widget-sow-button so-widget-sow-button-flat-436e564ad603\"><div class=\"ow-button-base ow-button-align-center\">\n\t<a href=\"https:\/\/ergoehealthconsultoria.com.br\/site\/servicos\/\" class=\"ow-icon-placement-left ow-button-hover\" \t\t>\n\t\t<span>\n\t\t\t\n\t\t\tConhe\u00e7a\t\t<\/span>\n\t<\/a>\n<\/div>\n<\/div><\/div>\t\t\t<\/div>\n\t\t<\/div>\n\t\t\t\t<\/li>\n\t\t<\/ul>\t\t\t\t<ol class=\"sow-slider-pagination\">\n\t\t\t\t\t\t\t\t\t\t\t<li><a href=\"#\" data-goto=\"0\" aria-label=\"display slide 1\"><\/a><\/li>\n\t\t\t\t\t\t\t\t\t\t\t<li><a href=\"#\" data-goto=\"1\" aria-label=\"display slide 2\"><\/a><\/li>\n\t\t\t\t\t\t\t\t\t\t\t<li><a href=\"#\" data-goto=\"2\" aria-label=\"display slide 3\"><\/a><\/li>\n\t\t\t\t\t\t\t\t\t<\/ol>\n\n\t\t\t\t<div class=\"sow-slide-nav sow-slide-nav-next\">\n\t\t\t\t\t<a href=\"#\" data-goto=\"next\" aria-label=\"next slide\" data-action=\"next\">\n\t\t\t\t\t\t<em class=\"sow-sld-icon-thin-right\"><\/em>\n\t\t\t\t\t<\/a>\n\t\t\t\t<\/div>\n\n\t\t\t\t<div class=\"sow-slide-nav sow-slide-nav-prev\">\n\t\t\t\t\t<a href=\"#\" data-goto=\"previous\" aria-label=\"previous slide\" data-action=\"prev\">\n\t\t\t\t\t\t<em class=\"sow-sld-icon-thin-left\"><\/em>\n\t\t\t\t\t<\/a>\n\t\t\t\t<\/div>\n\t\t\t\t<\/div><\/div><\/div><\/div><\/div><\/div><div id=\"pg-239-1\"  class=\"panel-grid panel-has-style\" ><div class=\"panel-row-style panel-row-style-for-239-1\" ><div id=\"pgc-239-1-0\"  class=\"panel-grid-cell\" ><div id=\"panel-239-1-0-0\" class=\"so-panel widget widget_sow-headline panel-first-child\" data-index=\"1\" ><div class=\"so-widget-sow-headline so-widget-sow-headline-default-ab6132e646f4 so-widget-fittext-wrapper\" data-fit-text-compressor=\"0.85\"><div class=\"sow-headline-container \">\n\t<h2 class='sow-headline'>Ergonomia melhora seu desempenho, por qu\u00ea?<\/h2><\/div><\/div><\/div><div id=\"panel-239-1-0-1\" class=\"so-panel widget widget_sow-features panel-last-child\" data-index=\"2\" ><div class=\"so-widget-sow-features so-widget-sow-features-default-d26a2c4d2cbc\">\n<div class=\"sow-features-list sow-features-responsive\">\n\n\t\t\t\n\t\t\t<div class=\"sow-features-feature sow-icon-container-position-top sow-features-feature-last-row\" style=\"width: 33.333%\">\n\n\t\t\t\t\t\t\t\t<div\n\t\t\t\t\tclass=\"sow-icon-container sow-container-round\"\n                    style=\"color: #5ac7aa; \"\n\t\t\t\t\t>\n\t\t\t\t\t<span class=\"sow-icon-fontawesome sow-fas\" data-sow-icon=\"&#xf004;\"\n\t\tstyle=\"font-size: 50px; color: #FFFFFF\" ><\/span>\t\t\t\t<\/div>\n\t\t\t\t\n\t\t\t\t<div class=\"textwidget\">\n\t\t\t\t\t\t\t\t\t\t\t<h5>\n\t\t\t\t\t\t\t\t\t\t\t\t\t\tQualidade de vida\t\t\t\t\t\t\t\t\t\t\t\t\t<\/h5>\n\t\t\t\t\t\n\t\t\t\t\t\t\t\t\t\t\t<p>Propicia um ambiente de trabalho favor\u00e1vel para o funcion\u00e1rio, reduzindo cansa\u00e7o, estresse, evitando les\u00f5es e contribuindo na redu\u00e7\u00e3o de gastos com afastamento. Quando o funcion\u00e1rio se sente bem, \u00e9 mais produtivo.<\/p>\n\t\t\t\t\t\n\t\t\t\t\t\t\t\t\t<\/div>\n\t\t\t<\/div>\n\n\t\t\n\t\t\t<div class=\"sow-features-feature sow-icon-container-position-top sow-features-feature-last-row\" style=\"width: 33.333%\">\n\n\t\t\t\t\t\t\t\t<div\n\t\t\t\t\tclass=\"sow-icon-container sow-container-round\"\n                    style=\"color: #5ac7aa; \"\n\t\t\t\t\t>\n\t\t\t\t\t<span class=\"sow-icon-fontawesome sow-fas\" data-sow-icon=\"&#xf201;\"\n\t\tstyle=\"font-size: 50px; color: #FFFFFF\" ><\/span>\t\t\t\t<\/div>\n\t\t\t\t\n\t\t\t\t<div class=\"textwidget\">\n\t\t\t\t\t\t\t\t\t\t\t<h5>\n\t\t\t\t\t\t\t\t\t\t\t\t\t\tAumenta a produtividade\t\t\t\t\t\t\t\t\t\t\t\t\t<\/h5>\n\t\t\t\t\t\n\t\t\t\t\t\t\t\t\t\t\t<p>Um funcion\u00e1rio com equipamentos ergon\u00f4micos, esta\u00e7\u00e3o de trabalho adequada e ainda com a oportunidade de praticar a gin\u00e1stica laboral, se sente motivado, aumenta a disposi\u00e7\u00e3o, efici\u00eancia e em consequ\u00eancia passa a produzir mais.<\/p>\n\t\t\t\t\t\n\t\t\t\t\t\t\t\t\t<\/div>\n\t\t\t<\/div>\n\n\t\t\n\t\t\t<div class=\"sow-features-feature sow-icon-container-position-top sow-features-feature-last-row\" style=\"width: 33.333%\">\n\n\t\t\t\t\t\t\t\t<div\n\t\t\t\t\tclass=\"sow-icon-container sow-container-round\"\n                    style=\"color: #5ac7aa; \"\n\t\t\t\t\t>\n\t\t\t\t\t<span class=\"sow-icon-fontawesome sow-fas\" data-sow-icon=\"&#xf554;\"\n\t\tstyle=\"font-size: 50px; color: #FFFFFF\" ><\/span>\t\t\t\t<\/div>\n\t\t\t\t\n\t\t\t\t<div class=\"textwidget\">\n\t\t\t\t\t\t\t\t\t\t\t<h5>\n\t\t\t\t\t\t\t\t\t\t\t\t\t\tReduz o sedentarismo\t\t\t\t\t\t\t\t\t\t\t\t\t<\/h5>\n\t\t\t\t\t\n\t\t\t\t\t\t\t\t\t\t\t<p>Estimular o movimento com a gin\u00e1stica laboral, evita que a pessoa fique horas na mesma posi\u00e7\u00e3o. Os alongamentos atuam sobre a musculatura, tend\u00f5es e articula\u00e7\u00f5es, previne les\u00f5es e aumenta a for\u00e7a muscular e flexibilidade do corpo, tornando o funcion\u00e1rio mais resistente.<\/p>\n\t\t\t\t\t\n\t\t\t\t\t\t\t\t\t<\/div>\n\t\t\t<\/div>\n\n\t\t\t\n<\/div>\n<\/div><\/div><\/div><\/div><\/div><div id=\"pg-239-2\"  class=\"panel-grid panel-has-style\" ><div class=\"siteorigin-panels-stretch panel-row-style panel-row-style-for-239-2\" data-stretch-type=\"full\" ><div id=\"pgc-239-2-0\"  class=\"panel-grid-cell\" ><div id=\"panel-239-2-0-0\" class=\"so-panel widget widget_sow-headline panel-first-child\" data-index=\"3\" ><div class=\"so-widget-sow-headline so-widget-sow-headline-default-de10013d4019 so-widget-fittext-wrapper\" data-fit-text-compressor=\"0.85\"><div class=\"sow-headline-container \">\n\t<h2 class='sow-headline'>Conhe\u00e7a o processo<\/h2><\/div><\/div><\/div><div id=\"panel-239-2-0-1\" class=\"so-panel widget widget_sow-features\" data-index=\"4\" ><div class=\"so-widget-sow-features so-widget-sow-features-default-00fd943b41e3\">\n<div class=\"sow-features-list sow-features-responsive\">\n\n\t\t\t\n\t\t\t<div class=\"sow-features-feature sow-icon-container-position-top sow-features-feature-last-row\" style=\"width: 33.333%\">\n\n\t\t\t\t\t\t\t\t<div\n\t\t\t\t\tclass=\"sow-icon-container sow-container-none\"\n                    style=\"color: #112f41; \"\n\t\t\t\t\t>\n\t\t\t\t\t<span class=\"sow-icon-fontawesome sow-fas\" data-sow-icon=\"&#xf46d;\"\n\t\tstyle=\"font-size: 75px; color: #112f41\" ><\/span>\t\t\t\t<\/div>\n\t\t\t\t\n\t\t\t\t<div class=\"textwidget\">\n\t\t\t\t\t\t\t\t\t\t\t<h5>\n\t\t\t\t\t\t\t\t\t\t\t\t\t\tColeta de informa\u00e7\u00f5es\t\t\t\t\t\t\t\t\t\t\t\t\t<\/h5>\n\t\t\t\t\t\n\t\t\t\t\t\t\t\t\t\t\t<p>Primeiramente realizamos uma reuni\u00e3o com os gestores da empresas buscando compreender as necessidades de cada departamento.<\/p>\n\t\t\t\t\t\n\t\t\t\t\t\t\t\t\t<\/div>\n\t\t\t<\/div>\n\n\t\t\n\t\t\t<div class=\"sow-features-feature sow-icon-container-position-top sow-features-feature-last-row\" style=\"width: 33.333%\">\n\n\t\t\t\t\t\t\t\t<div\n\t\t\t\t\tclass=\"sow-icon-container sow-container-none\"\n                    style=\"color: #112f41; \"\n\t\t\t\t\t>\n\t\t\t\t\t<span class=\"sow-icon-fontawesome sow-fas\" data-sow-icon=\"&#xf5ae;\"\n\t\tstyle=\"font-size: 75px; color: #112f41\" ><\/span>\t\t\t\t<\/div>\n\t\t\t\t\n\t\t\t\t<div class=\"textwidget\">\n\t\t\t\t\t\t\t\t\t\t\t<h5>\n\t\t\t\t\t\t\t\t\t\t\t\t\t\tPlanejamento e Defini\u00e7\u00e3o\t\t\t\t\t\t\t\t\t\t\t\t\t<\/h5>\n\t\t\t\t\t\n\t\t\t\t\t\t\t\t\t\t\t<p>Ap\u00f3s a reuni\u00e3o inicial, nosso time inicia o planejamento das a\u00e7\u00f5es que dever\u00e3o ser realizadas na empresa, como adequa\u00e7\u00f5es de mobili\u00e1rio, orienta\u00e7\u00e3o aos colaboradores etc. e realiza-se a defini\u00e7\u00e3o das fases de implementa\u00e7\u00e3o.<\/p>\n\t\t\t\t\t\n\t\t\t\t\t\t\t\t\t<\/div>\n\t\t\t<\/div>\n\n\t\t\n\t\t\t<div class=\"sow-features-feature sow-icon-container-position-top sow-features-feature-last-row\" style=\"width: 33.333%\">\n\n\t\t\t\t\t\t\t\t<div\n\t\t\t\t\tclass=\"sow-icon-container sow-container-none\"\n                    style=\"color: #404040; \"\n\t\t\t\t\t>\n\t\t\t\t\t<span class=\"sow-icon-icomoon\" data-sow-icon=\"&#xe91a;\"\n\t\tstyle=\"font-size: 75px; color: #112f41\" ><\/span>\t\t\t\t<\/div>\n\t\t\t\t\n\t\t\t\t<div class=\"textwidget\">\n\t\t\t\t\t\t\t\t\t\t\t<h5>\n\t\t\t\t\t\t\t\t\t\t\t\t\t\tImplementa\u00e7\u00e3o\t\t\t\t\t\t\t\t\t\t\t\t\t<\/h5>\n\t\t\t\t\t\n\t\t\t\t\t\t\t\t\t\t\t<p>Acompanhamento da aplica\u00e7\u00e3o das a\u00e7\u00f5es planejadas, condu\u00e7\u00e3o de palestras de conscientiza\u00e7\u00e3o com a equipe da empresa e ajustes em processos, se necess\u00e1rio.<\/p>\n\t\t\t\t\t\n\t\t\t\t\t\t\t\t\t<\/div>\n\t\t\t<\/div>\n\n\t\t\t\n<\/div>\n<\/div><\/div><div id=\"panel-239-2-0-2\" class=\"so-panel widget widget_sow-cta panel-last-child\" data-index=\"5\" ><div class=\"so-widget-sow-cta so-widget-sow-cta-default-705844a56539\"><div class=\"sow-cta-base\">\n\n\t<div class=\"sow-cta-wrapper\">\n\n\t\t<div class=\"sow-cta-text\">\n\t\t\t<h4 class=\"sow-cta-title\">In\u00fameras possibilidades para sua empresa<\/h4>\n\t\t\t<h5 class=\"sow-cta-subtitle\">Conhe\u00e7a todos os servi\u00e7os que podemos oferecer<\/h5>\n\t\t<\/div>\n\n\t\t<div class=\"so-widget-sow-button so-widget-sow-button-flat-befc0e970648\"><div class=\"ow-button-base ow-button-align-center\">\n\t<a href=\"https:\/\/ergoehealthconsultoria.com.br\/site\/servicos\/\" class=\"ow-icon-placement-left ow-button-hover\" \t\t>\n\t\t<span>\n\t\t\t\n\t\t\tConhe\u00e7a nossos servi\u00e7os\t\t<\/span>\n\t<\/a>\n<\/div>\n<\/div>\n\t<\/div>\n\n<\/div>\n<\/div><\/div><\/div><\/div><\/div><div id=\"pg-239-3\"  class=\"panel-grid panel-has-style\" ><div class=\"panel-row-style panel-row-style-for-239-3\" ><div id=\"pgc-239-3-0\"  class=\"panel-grid-cell panel-grid-cell-empty\" ><\/div><\/div><\/div><div id=\"pg-239-4\"  class=\"panel-grid panel-has-style\" ><div class=\"siteorigin-panels-stretch panel-row-style panel-row-style-for-239-4\" data-stretch-type=\"full\" ><div id=\"pgc-239-4-0\"  class=\"panel-grid-cell\" ><div id=\"panel-239-4-0-0\" class=\"so-panel widget widget_sow-headline panel-first-child\" data-index=\"6\" ><div class=\"so-widget-sow-headline so-widget-sow-headline-default-817db6d83171 so-widget-fittext-wrapper\" data-fit-text-compressor=\"0.85\"><div class=\"sow-headline-container \">\n\t<h2 class='sow-headline'>\u00daltimas not\u00edcias<\/h2><\/div><\/div><\/div><div id=\"panel-239-4-0-1\" class=\"so-panel widget widget_sow-post-carousel panel-last-child\" data-index=\"7\" ><div class=\"so-widget-sow-post-carousel so-widget-sow-post-carousel-default-cea027ed113e\">\n\t<div class=\"sow-carousel-title\">\n\t\t\n\t\t<div class=\"sow-carousel-navigation\">\n\t\t\t<a href=\"#\" class=\"sow-carousel-next\" title=\"Pr\u00f3ximo\" aria-label=\"Next Posts\" role=\"button\"><\/a>\n\t\t\t<a href=\"#\" class=\"sow-carousel-previous\" title=\"Anterior\" aria-label=\"Previous Posts\" role=\"button\"><\/a>\n\t\t<\/div>\n\n\t<\/div>\n\n\t<div class=\"sow-carousel-container\">\n\n\t\t<a href=\"#\" class=\"sow-carousel-previous\" title=\"Anterior\" aria-label=\"Previous Posts\" role=\"button\"><\/a>\n\n\t\t<a href=\"#\" class=\"sow-carousel-next\" title=\"Pr\u00f3ximo\" aria-label=\"Next Posts\" role=\"button\"><\/a>\n\n\t\t<div class=\"sow-carousel-wrapper\"\n\t\t     data-post-count=\"3\"\n\t\t     data-loop-posts-enabled=\"1\"\n\t\t     data-ajax-url=\"https:\/\/ergoehealthconsultoria.com.br\/site\/wp-admin\/admin-ajax.php?_widgets_nonce=a53ed6ccc0\"\n\t\t     data-page=\"1\"\n\t\t     data-fetching=\"false\"\n\t\t     data-dir=\"ltr\"\n\t\t>\n\t\t\t<div class=\"sow-carousel-items\">\n\t\t\t\t\t<div class=\"sow-carousel-item\" tabindex=\"-1\">\n\t\t<div class=\"sow-carousel-thumbnail\">\n\t\t\t\t\t\t\t<a href=\"https:\/\/ergoehealthconsultoria.com.br\/site\/2020\/08\/20\/cif-para-enquadramento-de-pcds\/\" style=\"background-image: url(https:\/\/ergoehealthconsultoria.com.br\/site\/wp-content\/uploads\/2020\/08\/pcd-272x182.jpg)\" aria-labelledby=\"sow-carousel-id-490\" tabindex=\"-1\">\n\t\t\t\t\t<span class=\"overlay\"><\/span>\n\t\t\t\t<\/a>\n\t\t\t\t\t<\/div>\n\t\t<h3><a href=\"https:\/\/ergoehealthconsultoria.com.br\/site\/2020\/08\/20\/cif-para-enquadramento-de-pcds\/\" id=\"sow-carousel-id-490\" tabindex=\"-1\">CIF para Enquadramento de PCD\u2019s<\/a><\/h3>\n\t<\/div>\n\t<div class=\"sow-carousel-item\" tabindex=\"-1\">\n\t\t<div class=\"sow-carousel-thumbnail\">\n\t\t\t\t\t\t\t<a href=\"https:\/\/ergoehealthconsultoria.com.br\/site\/2020\/08\/20\/programa-de-gerenciamento-de-riscos-pgr\/\" style=\"background-image: url(https:\/\/ergoehealthconsultoria.com.br\/site\/wp-content\/uploads\/2020\/08\/plano-272x182.jpg)\" aria-labelledby=\"sow-carousel-id-488\" tabindex=\"-1\">\n\t\t\t\t\t<span class=\"overlay\"><\/span>\n\t\t\t\t<\/a>\n\t\t\t\t\t<\/div>\n\t\t<h3><a href=\"https:\/\/ergoehealthconsultoria.com.br\/site\/2020\/08\/20\/programa-de-gerenciamento-de-riscos-pgr\/\" id=\"sow-carousel-id-488\" tabindex=\"-1\">Programa de Gerenciamento de Riscos (PGR)<\/a><\/h3>\n\t<\/div>\n\t<div class=\"sow-carousel-item\" tabindex=\"-1\">\n\t\t<div class=\"sow-carousel-thumbnail\">\n\t\t\t\t\t\t\t<a href=\"https:\/\/ergoehealthconsultoria.com.br\/site\/2020\/08\/05\/covid19-homeoffice\/\" style=\"background-image: url(https:\/\/ergoehealthconsultoria.com.br\/site\/wp-content\/uploads\/2020\/08\/homeoffice2-272x182.jpg)\" aria-labelledby=\"sow-carousel-id-168\" tabindex=\"-1\">\n\t\t\t\t\t<span class=\"overlay\"><\/span>\n\t\t\t\t<\/a>\n\t\t\t\t\t<\/div>\n\t\t<h3><a href=\"https:\/\/ergoehealthconsultoria.com.br\/site\/2020\/08\/05\/covid19-homeoffice\/\" id=\"sow-carousel-id-168\" tabindex=\"-1\">COVID-19 e os Impactos do Home Office<\/a><\/h3>\n\t<\/div>\n\t\t\t<\/div>\n\t\t<\/div>\n\t<\/div>\n\t<input type=\"hidden\" name=\"instance_hash\" value=\"937afcad\"\/>\n<\/div><\/div><\/div><\/div><\/div><\/div>","protected":false},"excerpt":{"rendered":"","protected":false},"author":1,"featured_media":0,"parent":0,"menu_order":16,"comment_status":"closed","ping_status":"closed","template":"","meta":[],"yoast_head":"<!-- This site is optimized with the Yoast SEO plugin v14.9 - https:\/\/yoast.com\/wordpress\/plugins\/seo\/ -->\n<title>Home - Ergo &amp; Health Consultoria<\/title>\n<meta name=\"robots\" content=\"index, follow, max-snippet:-1, max-image-preview:large, max-video-preview:-1\" \/>\n<link rel=\"canonical\" href=\"https:\/\/ergoehealthconsultoria.com.br\/site\/\" \/>\n<meta property=\"og:locale\" content=\"pt_BR\" \/>\n<meta property=\"og:type\" content=\"article\" \/>\n<meta property=\"og:title\" content=\"Home - Ergo &amp; Health Consultoria\" \/>\n<meta property=\"og:url\" content=\"https:\/\/ergoehealthconsultoria.com.br\/site\/\" \/>\n<meta property=\"og:site_name\" content=\"Ergo &amp; Health Consultoria\" \/>\n<meta property=\"article:modified_time\" content=\"2020-09-27T23:04:02+00:00\" \/>\n<meta name=\"twitter:card\" content=\"summary_large_image\" \/>\n<script type=\"application\/ld+json\" class=\"yoast-schema-graph\">{\"@context\":\"https:\/\/schema.org\",\"@graph\":[{\"@type\":\"WebSite\",\"@id\":\"https:\/\/ergoehealthconsultoria.com.br\/site\/#website\",\"url\":\"https:\/\/ergoehealthconsultoria.com.br\/site\/\",\"name\":\"Ergo &amp; Health Consultoria\",\"description\":\"Ergonomia e Qualidade de Vida\",\"potentialAction\":[{\"@type\":\"SearchAction\",\"target\":\"https:\/\/ergoehealthconsultoria.com.br\/site\/?s={search_term_string}\",\"query-input\":\"required name=search_term_string\"}],\"inLanguage\":\"pt-BR\"},{\"@type\":\"WebPage\",\"@id\":\"https:\/\/ergoehealthconsultoria.com.br\/site\/#webpage\",\"url\":\"https:\/\/ergoehealthconsultoria.com.br\/site\/\",\"name\":\"Home - Ergo &amp; Health Consultoria\",\"isPartOf\":{\"@id\":\"https:\/\/ergoehealthconsultoria.com.br\/site\/#website\"},\"datePublished\":\"2020-08-05T18:50:34+00:00\",\"dateModified\":\"2020-09-27T23:04:02+00:00\",\"inLanguage\":\"pt-BR\",\"potentialAction\":[{\"@type\":\"ReadAction\",\"target\":[\"https:\/\/ergoehealthconsultoria.com.br\/site\/\"]}]}]}<\/script>\n<!-- \/ Yoast SEO plugin. -->","_links":{"self":[{"href":"https:\/\/ergoehealthconsultoria.com.br\/site\/wp-json\/wp\/v2\/pages\/239"}],"collection":[{"href":"https:\/\/ergoehealthconsultoria.com.br\/site\/wp-json\/wp\/v2\/pages"}],"about":[{"href":"https:\/\/ergoehealthconsultoria.com.br\/site\/wp-json\/wp\/v2\/types\/page"}],"author":[{"embeddable":true,"href":"https:\/\/ergoehealthconsultoria.com.br\/site\/wp-json\/wp\/v2\/users\/1"}],"replies":[{"embeddable":true,"href":"https:\/\/ergoehealthconsultoria.com.br\/site\/wp-json\/wp\/v2\/comments?post=239"}],"version-history":[{"count":38,"href":"https:\/\/ergoehealthconsultoria.com.br\/site\/wp-json\/wp\/v2\/pages\/239\/revisions"}],"predecessor-version":[{"id":566,"href":"https:\/\/ergoehealthconsultoria.com.br\/site\/wp-json\/wp\/v2\/pages\/239\/revisions\/566"}],"wp:attachment":[{"href":"https:\/\/ergoehealthconsultoria.com.br\/site\/wp-json\/wp\/v2\/media?parent=239"}],"curies":[{"name":"wp","href":"https:\/\/api.w.org\/{rel}","templated":true}]}}