{"id":399,"date":"2020-08-12T15:29:16","date_gmt":"2020-08-12T18:29:16","guid":{"rendered":"http:\/\/ergoehealth.com.br\/site\/?page_id=399"},"modified":"2020-08-24T16:12:21","modified_gmt":"2020-08-24T19:12:21","slug":"avaliacoes-ambientais-de-acordo-com-a-nr17","status":"publish","type":"page","link":"https:\/\/ergoehealthconsultoria.com.br\/site\/servicos\/avaliacoes-ambientais-de-acordo-com-a-nr17\/","title":{"rendered":"Avalia\u00e7\u00f5es Ambientais de acordo com a NR17"},"content":{"rendered":"<div id=\"pl-399\"  class=\"panel-layout\" ><div id=\"pg-399-0\"  class=\"panel-grid panel-no-style\" ><div id=\"pgc-399-0-0\"  class=\"panel-grid-cell\" ><div id=\"panel-399-0-0-0\" class=\"so-panel widget widget_sow-editor panel-first-child panel-last-child\" data-index=\"0\" ><div class=\"so-widget-sow-editor so-widget-sow-editor-base\">\n<div class=\"siteorigin-widget-tinymce textwidget\">\n\t<p>Realiza\u00e7\u00e3o de avalia\u00e7\u00f5es ambientais de conforto, as quais s\u00e3o solicitadas na NR17 (n\u00edveis de ru\u00eddo, temperatura efetiva, velocidade do ar, umidade relativa do ar) nos locais de trabalho onde s\u00e3o executadas atividades que exijam solicita\u00e7\u00e3o intelectual e aten\u00e7\u00e3o constantes, avaliadas previamente.<\/p>\n<\/div>\n<\/div><\/div><\/div><div id=\"pgc-399-0-1\"  class=\"panel-grid-cell\" ><div id=\"panel-399-0-1-0\" class=\"so-panel widget widget_sow-image panel-first-child panel-last-child\" data-index=\"1\" ><div class=\"so-widget-sow-image so-widget-sow-image-default-d6014b76747a\">\n\n<div class=\"sow-image-container\">\n\t<img src=\"https:\/\/ergoehealthconsultoria.com.br\/site\/wp-content\/uploads\/2020\/07\/serv04.jpg\" width=\"900\" height=\"600\" srcset=\"https:\/\/ergoehealthconsultoria.com.br\/site\/wp-content\/uploads\/2020\/07\/serv04.jpg 900w, https:\/\/ergoehealthconsultoria.com.br\/site\/wp-content\/uploads\/2020\/07\/serv04-300x200.jpg 300w, https:\/\/ergoehealthconsultoria.com.br\/site\/wp-content\/uploads\/2020\/07\/serv04-768x512.jpg 768w, https:\/\/ergoehealthconsultoria.com.br\/site\/wp-content\/uploads\/2020\/07\/serv04-272x182.jpg 272w\" sizes=\"(max-width: 900px) 100vw, 900px\" alt=\"\" \t\tclass=\"so-widget-image\"\/>\n<\/div>\n\n<\/div><\/div><\/div><\/div><\/div>","protected":false},"excerpt":{"rendered":"<p>Realiza\u00e7\u00e3o de avalia\u00e7\u00f5es ambientais de conforto, as quais s\u00e3o solicitadas na NR17 (n\u00edveis de ru\u00eddo, temperatura efetiva, velocidade do ar, umidade relativa do ar) nos locais de trabalho onde s\u00e3o executadas atividades que exijam solicita\u00e7\u00e3o intelectual e aten\u00e7\u00e3o constantes, avaliadas previamente.<\/p>\n","protected":false},"author":1,"featured_media":0,"parent":17,"menu_order":6,"comment_status":"closed","ping_status":"closed","template":"","meta":[],"yoast_head":"<!-- This site is optimized with the Yoast SEO plugin v14.9 - https:\/\/yoast.com\/wordpress\/plugins\/seo\/ -->\n<title>Avalia\u00e7\u00f5es Ambientais de acordo com a NR17 - Ergo &amp; Health Consultoria<\/title>\n<meta name=\"robots\" content=\"index, follow, max-snippet:-1, max-image-preview:large, max-video-preview:-1\" \/>\n<link rel=\"canonical\" href=\"http:\/\/ergoehealthconsultoria.com.br\/site\/servicos\/avaliacoes-ambientais-de-acordo-com-a-nr17\/\" \/>\n<meta property=\"og:locale\" content=\"pt_BR\" \/>\n<meta property=\"og:type\" content=\"article\" \/>\n<meta property=\"og:title\" content=\"Avalia\u00e7\u00f5es Ambientais de acordo com a NR17 - Ergo &amp; Health Consultoria\" \/>\n<meta property=\"og:description\" content=\"Realiza\u00e7\u00e3o de avalia\u00e7\u00f5es ambientais de conforto, as quais s\u00e3o solicitadas na NR17 (n\u00edveis de ru\u00eddo, temperatura efetiva, velocidade do ar, umidade relativa do ar) nos locais de trabalho onde s\u00e3o executadas atividades que exijam solicita\u00e7\u00e3o intelectual e aten\u00e7\u00e3o constantes, avaliadas previamente.\" \/>\n<meta property=\"og:url\" content=\"http:\/\/ergoehealthconsultoria.com.br\/site\/servicos\/avaliacoes-ambientais-de-acordo-com-a-nr17\/\" \/>\n<meta property=\"og:site_name\" content=\"Ergo &amp; Health Consultoria\" \/>\n<meta property=\"article:modified_time\" content=\"2020-08-24T19:12:21+00:00\" \/>\n<meta name=\"twitter:card\" content=\"summary_large_image\" \/>\n<script type=\"application\/ld+json\" class=\"yoast-schema-graph\">{\"@context\":\"https:\/\/schema.org\",\"@graph\":[{\"@type\":\"WebSite\",\"@id\":\"https:\/\/ergoehealthconsultoria.com.br\/site\/#website\",\"url\":\"https:\/\/ergoehealthconsultoria.com.br\/site\/\",\"name\":\"Ergo &amp; Health Consultoria\",\"description\":\"Ergonomia e Qualidade de Vida\",\"potentialAction\":[{\"@type\":\"SearchAction\",\"target\":\"https:\/\/ergoehealthconsultoria.com.br\/site\/?s={search_term_string}\",\"query-input\":\"required name=search_term_string\"}],\"inLanguage\":\"pt-BR\"},{\"@type\":\"WebPage\",\"@id\":\"http:\/\/ergoehealthconsultoria.com.br\/site\/servicos\/avaliacoes-ambientais-de-acordo-com-a-nr17\/#webpage\",\"url\":\"http:\/\/ergoehealthconsultoria.com.br\/site\/servicos\/avaliacoes-ambientais-de-acordo-com-a-nr17\/\",\"name\":\"Avalia\\u00e7\\u00f5es Ambientais de acordo com a NR17 - Ergo &amp; Health Consultoria\",\"isPartOf\":{\"@id\":\"https:\/\/ergoehealthconsultoria.com.br\/site\/#website\"},\"datePublished\":\"2020-08-12T18:29:16+00:00\",\"dateModified\":\"2020-08-24T19:12:21+00:00\",\"inLanguage\":\"pt-BR\",\"potentialAction\":[{\"@type\":\"ReadAction\",\"target\":[\"http:\/\/ergoehealthconsultoria.com.br\/site\/servicos\/avaliacoes-ambientais-de-acordo-com-a-nr17\/\"]}]}]}<\/script>\n<!-- \/ Yoast SEO plugin. -->","_links":{"self":[{"href":"https:\/\/ergoehealthconsultoria.com.br\/site\/wp-json\/wp\/v2\/pages\/399"}],"collection":[{"href":"https:\/\/ergoehealthconsultoria.com.br\/site\/wp-json\/wp\/v2\/pages"}],"about":[{"href":"https:\/\/ergoehealthconsultoria.com.br\/site\/wp-json\/wp\/v2\/types\/page"}],"author":[{"embeddable":true,"href":"https:\/\/ergoehealthconsultoria.com.br\/site\/wp-json\/wp\/v2\/users\/1"}],"replies":[{"embeddable":true,"href":"https:\/\/ergoehealthconsultoria.com.br\/site\/wp-json\/wp\/v2\/comments?post=399"}],"version-history":[{"count":4,"href":"https:\/\/ergoehealthconsultoria.com.br\/site\/wp-json\/wp\/v2\/pages\/399\/revisions"}],"predecessor-version":[{"id":503,"href":"https:\/\/ergoehealthconsultoria.com.br\/site\/wp-json\/wp\/v2\/pages\/399\/revisions\/503"}],"up":[{"embeddable":true,"href":"https:\/\/ergoehealthconsultoria.com.br\/site\/wp-json\/wp\/v2\/pages\/17"}],"wp:attachment":[{"href":"https:\/\/ergoehealthconsultoria.com.br\/site\/wp-json\/wp\/v2\/media?parent=399"}],"curies":[{"name":"wp","href":"https:\/\/api.w.org\/{rel}","templated":true}]}}