{"id":402,"date":"2020-08-12T15:30:13","date_gmt":"2020-08-12T18:30:13","guid":{"rendered":"http:\/\/ergoehealth.com.br\/site\/?page_id=402"},"modified":"2020-08-24T16:13:08","modified_gmt":"2020-08-24T19:13:08","slug":"auditoria-ergonomica-e-acompanhamento-de-auditorias-internas-e-externas","status":"publish","type":"page","link":"https:\/\/ergoehealthconsultoria.com.br\/site\/servicos\/auditoria-ergonomica-e-acompanhamento-de-auditorias-internas-e-externas\/","title":{"rendered":"Auditoria Ergon\u00f4mica e acompanhamento de auditorias internas e externas"},"content":{"rendered":"<div id=\"pl-402\"  class=\"panel-layout\" ><div id=\"pg-402-0\"  class=\"panel-grid panel-no-style\" ><div id=\"pgc-402-0-0\"  class=\"panel-grid-cell\" ><div id=\"panel-402-0-0-0\" class=\"so-panel widget widget_sow-image panel-first-child panel-last-child\" data-index=\"0\" ><div class=\"so-widget-sow-image so-widget-sow-image-default-d6014b76747a\">\n\n<div class=\"sow-image-container\">\n\t<img src=\"https:\/\/ergoehealthconsultoria.com.br\/site\/wp-content\/uploads\/2020\/07\/serv05.jpg\" width=\"900\" height=\"600\" srcset=\"https:\/\/ergoehealthconsultoria.com.br\/site\/wp-content\/uploads\/2020\/07\/serv05.jpg 900w, https:\/\/ergoehealthconsultoria.com.br\/site\/wp-content\/uploads\/2020\/07\/serv05-300x200.jpg 300w, https:\/\/ergoehealthconsultoria.com.br\/site\/wp-content\/uploads\/2020\/07\/serv05-768x512.jpg 768w, https:\/\/ergoehealthconsultoria.com.br\/site\/wp-content\/uploads\/2020\/07\/serv05-272x182.jpg 272w\" sizes=\"(max-width: 900px) 100vw, 900px\" alt=\"\" \t\tclass=\"so-widget-image\"\/>\n<\/div>\n\n<\/div><\/div><\/div><div id=\"pgc-402-0-1\"  class=\"panel-grid-cell\" ><div id=\"panel-402-0-1-0\" class=\"so-panel widget widget_sow-editor panel-first-child panel-last-child\" data-index=\"1\" ><div class=\"so-widget-sow-editor so-widget-sow-editor-base\">\n<div class=\"siteorigin-widget-tinymce textwidget\">\n\t<p>Auditoria Ergon\u00f4mica: realiza\u00e7\u00e3o de auditoria ergon\u00f4mica em unidades que j\u00e1 possuem sistema de gest\u00e3o implantado, ou at\u00e9 mesmo de documentos espec\u00edficos e correlatos \u00e0 \u00e1rea.<\/p>\n<p>Acompanhamento de Auditorias Internas e Externas: ao realizarmos a presta\u00e7\u00e3o de servi\u00e7os de gerenciamento ergon\u00f4mico, realizamos as documenta\u00e7\u00f5es baseadas na ISO 45.001 e OHSAS 18.001, al\u00e9m de acompanharmos auditorias internas e externas, conforme a necessidade do cliente.<\/p>\n<\/div>\n<\/div><\/div><\/div><\/div><\/div>","protected":false},"excerpt":{"rendered":"<p>Auditoria Ergon\u00f4mica: realiza\u00e7\u00e3o de auditoria ergon\u00f4mica em unidades que j\u00e1 possuem sistema de gest\u00e3o implantado, ou at\u00e9 mesmo de documentos espec\u00edficos e correlatos \u00e0 \u00e1rea. Acompanhamento de Auditorias Internas e Externas: ao realizarmos a presta\u00e7\u00e3o de servi\u00e7os de gerenciamento ergon\u00f4mico, realizamos as documenta\u00e7\u00f5es baseadas na ISO 45.001 e OHSAS 18.001, al\u00e9m de acompanharmos auditorias internas [&hellip;]<\/p>\n","protected":false},"author":1,"featured_media":0,"parent":17,"menu_order":3,"comment_status":"closed","ping_status":"closed","template":"","meta":[],"yoast_head":"<!-- This site is optimized with the Yoast SEO plugin v14.9 - https:\/\/yoast.com\/wordpress\/plugins\/seo\/ -->\n<title>Auditoria Ergon\u00f4mica e acompanhamento de auditorias internas e externas - Ergo &amp; Health Consultoria<\/title>\n<meta name=\"robots\" content=\"index, follow, max-snippet:-1, max-image-preview:large, max-video-preview:-1\" \/>\n<link rel=\"canonical\" href=\"http:\/\/ergoehealthconsultoria.com.br\/site\/servicos\/auditoria-ergonomica-e-acompanhamento-de-auditorias-internas-e-externas\/\" \/>\n<meta property=\"og:locale\" content=\"pt_BR\" \/>\n<meta property=\"og:type\" content=\"article\" \/>\n<meta property=\"og:title\" content=\"Auditoria Ergon\u00f4mica e acompanhamento de auditorias internas e externas - Ergo &amp; Health Consultoria\" \/>\n<meta property=\"og:description\" content=\"Auditoria Ergon\u00f4mica: realiza\u00e7\u00e3o de auditoria ergon\u00f4mica em unidades que j\u00e1 possuem sistema de gest\u00e3o implantado, ou at\u00e9 mesmo de documentos espec\u00edficos e correlatos \u00e0 \u00e1rea. Acompanhamento de Auditorias Internas e Externas: ao realizarmos a presta\u00e7\u00e3o de servi\u00e7os de gerenciamento ergon\u00f4mico, realizamos as documenta\u00e7\u00f5es baseadas na ISO 45.001 e OHSAS 18.001, al\u00e9m de acompanharmos auditorias internas [&hellip;]\" \/>\n<meta property=\"og:url\" content=\"http:\/\/ergoehealthconsultoria.com.br\/site\/servicos\/auditoria-ergonomica-e-acompanhamento-de-auditorias-internas-e-externas\/\" \/>\n<meta property=\"og:site_name\" content=\"Ergo &amp; Health Consultoria\" \/>\n<meta property=\"article:modified_time\" content=\"2020-08-24T19:13:08+00:00\" \/>\n<meta name=\"twitter:card\" content=\"summary_large_image\" \/>\n<script type=\"application\/ld+json\" class=\"yoast-schema-graph\">{\"@context\":\"https:\/\/schema.org\",\"@graph\":[{\"@type\":\"WebSite\",\"@id\":\"https:\/\/ergoehealthconsultoria.com.br\/site\/#website\",\"url\":\"https:\/\/ergoehealthconsultoria.com.br\/site\/\",\"name\":\"Ergo &amp; Health Consultoria\",\"description\":\"Ergonomia e Qualidade de Vida\",\"potentialAction\":[{\"@type\":\"SearchAction\",\"target\":\"https:\/\/ergoehealthconsultoria.com.br\/site\/?s={search_term_string}\",\"query-input\":\"required name=search_term_string\"}],\"inLanguage\":\"pt-BR\"},{\"@type\":\"WebPage\",\"@id\":\"http:\/\/ergoehealthconsultoria.com.br\/site\/servicos\/auditoria-ergonomica-e-acompanhamento-de-auditorias-internas-e-externas\/#webpage\",\"url\":\"http:\/\/ergoehealthconsultoria.com.br\/site\/servicos\/auditoria-ergonomica-e-acompanhamento-de-auditorias-internas-e-externas\/\",\"name\":\"Auditoria Ergon\\u00f4mica e acompanhamento de auditorias internas e externas - Ergo &amp; Health Consultoria\",\"isPartOf\":{\"@id\":\"https:\/\/ergoehealthconsultoria.com.br\/site\/#website\"},\"datePublished\":\"2020-08-12T18:30:13+00:00\",\"dateModified\":\"2020-08-24T19:13:08+00:00\",\"inLanguage\":\"pt-BR\",\"potentialAction\":[{\"@type\":\"ReadAction\",\"target\":[\"http:\/\/ergoehealthconsultoria.com.br\/site\/servicos\/auditoria-ergonomica-e-acompanhamento-de-auditorias-internas-e-externas\/\"]}]}]}<\/script>\n<!-- \/ Yoast SEO plugin. -->","_links":{"self":[{"href":"https:\/\/ergoehealthconsultoria.com.br\/site\/wp-json\/wp\/v2\/pages\/402"}],"collection":[{"href":"https:\/\/ergoehealthconsultoria.com.br\/site\/wp-json\/wp\/v2\/pages"}],"about":[{"href":"https:\/\/ergoehealthconsultoria.com.br\/site\/wp-json\/wp\/v2\/types\/page"}],"author":[{"embeddable":true,"href":"https:\/\/ergoehealthconsultoria.com.br\/site\/wp-json\/wp\/v2\/users\/1"}],"replies":[{"embeddable":true,"href":"https:\/\/ergoehealthconsultoria.com.br\/site\/wp-json\/wp\/v2\/comments?post=402"}],"version-history":[{"count":4,"href":"https:\/\/ergoehealthconsultoria.com.br\/site\/wp-json\/wp\/v2\/pages\/402\/revisions"}],"predecessor-version":[{"id":505,"href":"https:\/\/ergoehealthconsultoria.com.br\/site\/wp-json\/wp\/v2\/pages\/402\/revisions\/505"}],"up":[{"embeddable":true,"href":"https:\/\/ergoehealthconsultoria.com.br\/site\/wp-json\/wp\/v2\/pages\/17"}],"wp:attachment":[{"href":"https:\/\/ergoehealthconsultoria.com.br\/site\/wp-json\/wp\/v2\/media?parent=402"}],"curies":[{"name":"wp","href":"https:\/\/api.w.org\/{rel}","templated":true}]}}