{"id":417,"date":"2020-08-12T15:47:04","date_gmt":"2020-08-12T18:47:04","guid":{"rendered":"http:\/\/ergoehealth.com.br\/site\/?page_id=417"},"modified":"2020-08-12T15:47:05","modified_gmt":"2020-08-12T18:47:05","slug":"parecer-de-conformidade-ergonomica-em-projetos","status":"publish","type":"page","link":"https:\/\/ergoehealthconsultoria.com.br\/site\/servicos\/parecer-de-conformidade-ergonomica-em-projetos\/","title":{"rendered":"Parecer de Conformidade Ergon\u00f4mica em Projetos"},"content":{"rendered":"<div id=\"pl-417\"  class=\"panel-layout\" ><div id=\"pg-417-0\"  class=\"panel-grid panel-no-style\" ><div id=\"pgc-417-0-0\"  class=\"panel-grid-cell\" ><div id=\"panel-417-0-0-0\" class=\"so-panel widget widget_sow-image panel-first-child panel-last-child\" data-index=\"0\" ><div class=\"so-widget-sow-image so-widget-sow-image-default-d6014b76747a\">\n\n<div class=\"sow-image-container\">\n\t<img src=\"https:\/\/ergoehealthconsultoria.com.br\/site\/wp-content\/uploads\/2020\/07\/serv10.jpg\" width=\"900\" height=\"600\" srcset=\"https:\/\/ergoehealthconsultoria.com.br\/site\/wp-content\/uploads\/2020\/07\/serv10.jpg 900w, https:\/\/ergoehealthconsultoria.com.br\/site\/wp-content\/uploads\/2020\/07\/serv10-300x200.jpg 300w, https:\/\/ergoehealthconsultoria.com.br\/site\/wp-content\/uploads\/2020\/07\/serv10-768x512.jpg 768w, https:\/\/ergoehealthconsultoria.com.br\/site\/wp-content\/uploads\/2020\/07\/serv10-272x182.jpg 272w\" sizes=\"(max-width: 900px) 100vw, 900px\" alt=\"\" \t\tclass=\"so-widget-image\"\/>\n<\/div>\n\n<\/div><\/div><\/div><div id=\"pgc-417-0-1\"  class=\"panel-grid-cell\" ><div id=\"panel-417-0-1-0\" class=\"so-panel widget widget_sow-editor panel-first-child panel-last-child\" data-index=\"1\" ><div class=\"so-widget-sow-editor so-widget-sow-editor-base\">\n<div class=\"siteorigin-widget-tinymce textwidget\">\n\t<p>Atrav\u00e9s da Ergonomia de Concep\u00e7\u00e3o, realizamos avalia\u00e7\u00e3o, implanta\u00e7\u00e3o de procedimentos e acompanhamentos de a\u00e7\u00f5es ergon\u00f4micas diretamente no projeto do ambiente, com o intuito de promover uma melhor organiza\u00e7\u00e3o do trabalho e dos sistemas de produ\u00e7\u00e3o.<\/p>\n<\/div>\n<\/div><\/div><\/div><\/div><\/div>","protected":false},"excerpt":{"rendered":"<p>Atrav\u00e9s da Ergonomia de Concep\u00e7\u00e3o, realizamos avalia\u00e7\u00e3o, implanta\u00e7\u00e3o de procedimentos e acompanhamentos de a\u00e7\u00f5es ergon\u00f4micas diretamente no projeto do ambiente, com o intuito de promover uma melhor organiza\u00e7\u00e3o do trabalho e dos sistemas de produ\u00e7\u00e3o.<\/p>\n","protected":false},"author":1,"featured_media":0,"parent":17,"menu_order":21,"comment_status":"closed","ping_status":"closed","template":"","meta":[],"yoast_head":"<!-- This site is optimized with the Yoast SEO plugin v14.9 - https:\/\/yoast.com\/wordpress\/plugins\/seo\/ -->\n<title>Parecer de Conformidade Ergon\u00f4mica em Projetos - Ergo &amp; Health Consultoria<\/title>\n<meta name=\"robots\" content=\"index, follow, max-snippet:-1, max-image-preview:large, max-video-preview:-1\" \/>\n<link rel=\"canonical\" href=\"http:\/\/ergoehealthconsultoria.com.br\/site\/servicos\/parecer-de-conformidade-ergonomica-em-projetos\/\" \/>\n<meta property=\"og:locale\" content=\"pt_BR\" \/>\n<meta property=\"og:type\" content=\"article\" \/>\n<meta property=\"og:title\" content=\"Parecer de Conformidade Ergon\u00f4mica em Projetos - Ergo &amp; Health Consultoria\" \/>\n<meta property=\"og:description\" content=\"Atrav\u00e9s da Ergonomia de Concep\u00e7\u00e3o, realizamos avalia\u00e7\u00e3o, implanta\u00e7\u00e3o de procedimentos e acompanhamentos de a\u00e7\u00f5es ergon\u00f4micas diretamente no projeto do ambiente, com o intuito de promover uma melhor organiza\u00e7\u00e3o do trabalho e dos sistemas de produ\u00e7\u00e3o.\" \/>\n<meta property=\"og:url\" content=\"http:\/\/ergoehealthconsultoria.com.br\/site\/servicos\/parecer-de-conformidade-ergonomica-em-projetos\/\" \/>\n<meta property=\"og:site_name\" content=\"Ergo &amp; Health Consultoria\" \/>\n<meta property=\"article:modified_time\" content=\"2020-08-12T18:47:05+00:00\" \/>\n<meta name=\"twitter:card\" content=\"summary_large_image\" \/>\n<script type=\"application\/ld+json\" class=\"yoast-schema-graph\">{\"@context\":\"https:\/\/schema.org\",\"@graph\":[{\"@type\":\"WebSite\",\"@id\":\"https:\/\/ergoehealthconsultoria.com.br\/site\/#website\",\"url\":\"https:\/\/ergoehealthconsultoria.com.br\/site\/\",\"name\":\"Ergo &amp; Health Consultoria\",\"description\":\"Ergonomia e Qualidade de Vida\",\"potentialAction\":[{\"@type\":\"SearchAction\",\"target\":\"https:\/\/ergoehealthconsultoria.com.br\/site\/?s={search_term_string}\",\"query-input\":\"required name=search_term_string\"}],\"inLanguage\":\"pt-BR\"},{\"@type\":\"WebPage\",\"@id\":\"http:\/\/ergoehealthconsultoria.com.br\/site\/servicos\/parecer-de-conformidade-ergonomica-em-projetos\/#webpage\",\"url\":\"http:\/\/ergoehealthconsultoria.com.br\/site\/servicos\/parecer-de-conformidade-ergonomica-em-projetos\/\",\"name\":\"Parecer de Conformidade Ergon\\u00f4mica em Projetos - Ergo &amp; Health Consultoria\",\"isPartOf\":{\"@id\":\"https:\/\/ergoehealthconsultoria.com.br\/site\/#website\"},\"datePublished\":\"2020-08-12T18:47:04+00:00\",\"dateModified\":\"2020-08-12T18:47:05+00:00\",\"inLanguage\":\"pt-BR\",\"potentialAction\":[{\"@type\":\"ReadAction\",\"target\":[\"http:\/\/ergoehealthconsultoria.com.br\/site\/servicos\/parecer-de-conformidade-ergonomica-em-projetos\/\"]}]}]}<\/script>\n<!-- \/ Yoast SEO plugin. -->","_links":{"self":[{"href":"https:\/\/ergoehealthconsultoria.com.br\/site\/wp-json\/wp\/v2\/pages\/417"}],"collection":[{"href":"https:\/\/ergoehealthconsultoria.com.br\/site\/wp-json\/wp\/v2\/pages"}],"about":[{"href":"https:\/\/ergoehealthconsultoria.com.br\/site\/wp-json\/wp\/v2\/types\/page"}],"author":[{"embeddable":true,"href":"https:\/\/ergoehealthconsultoria.com.br\/site\/wp-json\/wp\/v2\/users\/1"}],"replies":[{"embeddable":true,"href":"https:\/\/ergoehealthconsultoria.com.br\/site\/wp-json\/wp\/v2\/comments?post=417"}],"version-history":[{"count":2,"href":"https:\/\/ergoehealthconsultoria.com.br\/site\/wp-json\/wp\/v2\/pages\/417\/revisions"}],"predecessor-version":[{"id":419,"href":"https:\/\/ergoehealthconsultoria.com.br\/site\/wp-json\/wp\/v2\/pages\/417\/revisions\/419"}],"up":[{"embeddable":true,"href":"https:\/\/ergoehealthconsultoria.com.br\/site\/wp-json\/wp\/v2\/pages\/17"}],"wp:attachment":[{"href":"https:\/\/ergoehealthconsultoria.com.br\/site\/wp-json\/wp\/v2\/media?parent=417"}],"curies":[{"name":"wp","href":"https:\/\/api.w.org\/{rel}","templated":true}]}}