{"id":420,"date":"2020-08-12T15:48:01","date_gmt":"2020-08-12T18:48:01","guid":{"rendered":"http:\/\/ergoehealth.com.br\/site\/?page_id=420"},"modified":"2020-08-12T15:48:02","modified_gmt":"2020-08-12T18:48:02","slug":"treinamentos-especificos-e-palestras","status":"publish","type":"page","link":"https:\/\/ergoehealthconsultoria.com.br\/site\/servicos\/treinamentos-especificos-e-palestras\/","title":{"rendered":"Treinamentos Espec\u00edficos e Palestras"},"content":{"rendered":"<div id=\"pl-420\"  class=\"panel-layout\" ><div id=\"pg-420-0\"  class=\"panel-grid panel-no-style\" ><div id=\"pgc-420-0-0\"  class=\"panel-grid-cell\" ><div id=\"panel-420-0-0-0\" class=\"so-panel widget widget_sow-editor panel-first-child panel-last-child\" data-index=\"0\" ><div class=\"so-widget-sow-editor so-widget-sow-editor-base\">\n<div class=\"siteorigin-widget-tinymce textwidget\">\n\t<p>Realizamos cursos in company e treinamentos conforme a solicita\u00e7\u00e3o da empresa, como: Transporte manual de cargas, Ergonomia n\u00edvel b\u00e1sico, Ergonomia n\u00edvel intermedi\u00e1rio (gestores), Ergonomia n\u00edvel avan\u00e7ado, e Treinamentos para Operadores de Telemarketing e de Checkout\/Caixa de Supermercados.<\/p>\n<\/div>\n<\/div><\/div><\/div><div id=\"pgc-420-0-1\"  class=\"panel-grid-cell\" ><div id=\"panel-420-0-1-0\" class=\"so-panel widget widget_sow-image panel-first-child panel-last-child\" data-index=\"1\" ><div class=\"so-widget-sow-image so-widget-sow-image-default-d6014b76747a\">\n\n<div class=\"sow-image-container\">\n\t<img src=\"https:\/\/ergoehealthconsultoria.com.br\/site\/wp-content\/uploads\/2020\/07\/serv11.jpg\" width=\"900\" height=\"600\" srcset=\"https:\/\/ergoehealthconsultoria.com.br\/site\/wp-content\/uploads\/2020\/07\/serv11.jpg 900w, https:\/\/ergoehealthconsultoria.com.br\/site\/wp-content\/uploads\/2020\/07\/serv11-300x200.jpg 300w, https:\/\/ergoehealthconsultoria.com.br\/site\/wp-content\/uploads\/2020\/07\/serv11-768x512.jpg 768w, https:\/\/ergoehealthconsultoria.com.br\/site\/wp-content\/uploads\/2020\/07\/serv11-272x182.jpg 272w\" sizes=\"(max-width: 900px) 100vw, 900px\" alt=\"\" \t\tclass=\"so-widget-image\"\/>\n<\/div>\n\n<\/div><\/div><\/div><\/div><\/div>","protected":false},"excerpt":{"rendered":"<p>Realizamos cursos in company e treinamentos conforme a solicita\u00e7\u00e3o da empresa, como: Transporte manual de cargas, Ergonomia n\u00edvel b\u00e1sico, Ergonomia n\u00edvel intermedi\u00e1rio (gestores), Ergonomia n\u00edvel avan\u00e7ado, e Treinamentos para Operadores de Telemarketing e de Checkout\/Caixa de Supermercados.<\/p>\n","protected":false},"author":1,"featured_media":0,"parent":17,"menu_order":25,"comment_status":"closed","ping_status":"closed","template":"","meta":[],"yoast_head":"<!-- This site is optimized with the Yoast SEO plugin v14.9 - https:\/\/yoast.com\/wordpress\/plugins\/seo\/ -->\n<title>Treinamentos Espec\u00edficos e Palestras - Ergo &amp; Health Consultoria<\/title>\n<meta name=\"robots\" content=\"index, follow, max-snippet:-1, max-image-preview:large, max-video-preview:-1\" \/>\n<link rel=\"canonical\" href=\"http:\/\/ergoehealthconsultoria.com.br\/site\/servicos\/treinamentos-especificos-e-palestras\/\" \/>\n<meta property=\"og:locale\" content=\"pt_BR\" \/>\n<meta property=\"og:type\" content=\"article\" \/>\n<meta property=\"og:title\" content=\"Treinamentos Espec\u00edficos e Palestras - Ergo &amp; Health Consultoria\" \/>\n<meta property=\"og:description\" content=\"Realizamos cursos in company e treinamentos conforme a solicita\u00e7\u00e3o da empresa, como: Transporte manual de cargas, Ergonomia n\u00edvel b\u00e1sico, Ergonomia n\u00edvel intermedi\u00e1rio (gestores), Ergonomia n\u00edvel avan\u00e7ado, e Treinamentos para Operadores de Telemarketing e de Checkout\/Caixa de Supermercados.\" \/>\n<meta property=\"og:url\" content=\"http:\/\/ergoehealthconsultoria.com.br\/site\/servicos\/treinamentos-especificos-e-palestras\/\" \/>\n<meta property=\"og:site_name\" content=\"Ergo &amp; Health Consultoria\" \/>\n<meta property=\"article:modified_time\" content=\"2020-08-12T18:48:02+00:00\" \/>\n<meta name=\"twitter:card\" content=\"summary_large_image\" \/>\n<script type=\"application\/ld+json\" class=\"yoast-schema-graph\">{\"@context\":\"https:\/\/schema.org\",\"@graph\":[{\"@type\":\"WebSite\",\"@id\":\"https:\/\/ergoehealthconsultoria.com.br\/site\/#website\",\"url\":\"https:\/\/ergoehealthconsultoria.com.br\/site\/\",\"name\":\"Ergo &amp; Health Consultoria\",\"description\":\"Ergonomia e Qualidade de Vida\",\"potentialAction\":[{\"@type\":\"SearchAction\",\"target\":\"https:\/\/ergoehealthconsultoria.com.br\/site\/?s={search_term_string}\",\"query-input\":\"required name=search_term_string\"}],\"inLanguage\":\"pt-BR\"},{\"@type\":\"WebPage\",\"@id\":\"http:\/\/ergoehealthconsultoria.com.br\/site\/servicos\/treinamentos-especificos-e-palestras\/#webpage\",\"url\":\"http:\/\/ergoehealthconsultoria.com.br\/site\/servicos\/treinamentos-especificos-e-palestras\/\",\"name\":\"Treinamentos Espec\\u00edficos e Palestras - Ergo &amp; Health Consultoria\",\"isPartOf\":{\"@id\":\"https:\/\/ergoehealthconsultoria.com.br\/site\/#website\"},\"datePublished\":\"2020-08-12T18:48:01+00:00\",\"dateModified\":\"2020-08-12T18:48:02+00:00\",\"inLanguage\":\"pt-BR\",\"potentialAction\":[{\"@type\":\"ReadAction\",\"target\":[\"http:\/\/ergoehealthconsultoria.com.br\/site\/servicos\/treinamentos-especificos-e-palestras\/\"]}]}]}<\/script>\n<!-- \/ Yoast SEO plugin. -->","_links":{"self":[{"href":"https:\/\/ergoehealthconsultoria.com.br\/site\/wp-json\/wp\/v2\/pages\/420"}],"collection":[{"href":"https:\/\/ergoehealthconsultoria.com.br\/site\/wp-json\/wp\/v2\/pages"}],"about":[{"href":"https:\/\/ergoehealthconsultoria.com.br\/site\/wp-json\/wp\/v2\/types\/page"}],"author":[{"embeddable":true,"href":"https:\/\/ergoehealthconsultoria.com.br\/site\/wp-json\/wp\/v2\/users\/1"}],"replies":[{"embeddable":true,"href":"https:\/\/ergoehealthconsultoria.com.br\/site\/wp-json\/wp\/v2\/comments?post=420"}],"version-history":[{"count":2,"href":"https:\/\/ergoehealthconsultoria.com.br\/site\/wp-json\/wp\/v2\/pages\/420\/revisions"}],"predecessor-version":[{"id":422,"href":"https:\/\/ergoehealthconsultoria.com.br\/site\/wp-json\/wp\/v2\/pages\/420\/revisions\/422"}],"up":[{"embeddable":true,"href":"https:\/\/ergoehealthconsultoria.com.br\/site\/wp-json\/wp\/v2\/pages\/17"}],"wp:attachment":[{"href":"https:\/\/ergoehealthconsultoria.com.br\/site\/wp-json\/wp\/v2\/media?parent=420"}],"curies":[{"name":"wp","href":"https:\/\/api.w.org\/{rel}","templated":true}]}}