{"id":426,"date":"2020-08-12T15:50:11","date_gmt":"2020-08-12T18:50:11","guid":{"rendered":"http:\/\/ergoehealth.com.br\/site\/?page_id=426"},"modified":"2020-08-12T15:50:12","modified_gmt":"2020-08-12T18:50:12","slug":"avaliacoes-analises-de-queixa-de-dor-musculo-esqueletica","status":"publish","type":"page","link":"https:\/\/ergoehealthconsultoria.com.br\/site\/servicos\/avaliacoes-analises-de-queixa-de-dor-musculo-esqueletica\/","title":{"rendered":"Avalia\u00e7\u00f5es\/An\u00e1lises de Queixa de Dor M\u00fasculo Esquel\u00e9tica"},"content":{"rendered":"<div id=\"pl-426\"  class=\"panel-layout\" ><div id=\"pg-426-0\"  class=\"panel-grid panel-no-style\" ><div id=\"pgc-426-0-0\"  class=\"panel-grid-cell\" ><div id=\"panel-426-0-0-0\" class=\"so-panel widget widget_sow-editor panel-first-child panel-last-child\" data-index=\"0\" ><div class=\"so-widget-sow-editor so-widget-sow-editor-base\">\n<div class=\"siteorigin-widget-tinymce textwidget\">\n\t<p>Avalia\u00e7\u00f5es fisioterap\u00eauticas para orienta\u00e7\u00f5es, realiza\u00e7\u00e3o de restri\u00e7\u00f5es, readapta\u00e7\u00f5es e a\u00e7\u00f5es para controle de absente\u00edsmo;<\/p>\n<\/div>\n<\/div><\/div><\/div><div id=\"pgc-426-0-1\"  class=\"panel-grid-cell\" ><div id=\"panel-426-0-1-0\" class=\"so-panel widget widget_sow-image panel-first-child panel-last-child\" data-index=\"1\" ><div class=\"so-widget-sow-image so-widget-sow-image-default-d6014b76747a\">\n\n<div class=\"sow-image-container\">\n\t<img src=\"https:\/\/ergoehealthconsultoria.com.br\/site\/wp-content\/uploads\/2020\/07\/serv13.jpg\" width=\"600\" height=\"899\" srcset=\"https:\/\/ergoehealthconsultoria.com.br\/site\/wp-content\/uploads\/2020\/07\/serv13.jpg 600w, https:\/\/ergoehealthconsultoria.com.br\/site\/wp-content\/uploads\/2020\/07\/serv13-200x300.jpg 200w\" sizes=\"(max-width: 600px) 100vw, 600px\" alt=\"\" \t\tclass=\"so-widget-image\"\/>\n<\/div>\n\n<\/div><\/div><\/div><\/div><\/div>","protected":false},"excerpt":{"rendered":"<p>Avalia\u00e7\u00f5es fisioterap\u00eauticas para orienta\u00e7\u00f5es, realiza\u00e7\u00e3o de restri\u00e7\u00f5es, readapta\u00e7\u00f5es e a\u00e7\u00f5es para controle de absente\u00edsmo;<\/p>\n","protected":false},"author":1,"featured_media":0,"parent":17,"menu_order":7,"comment_status":"closed","ping_status":"closed","template":"","meta":[],"yoast_head":"<!-- This site is optimized with the Yoast SEO plugin v14.9 - https:\/\/yoast.com\/wordpress\/plugins\/seo\/ -->\n<title>Avalia\u00e7\u00f5es\/An\u00e1lises de Queixa de Dor M\u00fasculo Esquel\u00e9tica - Ergo &amp; Health Consultoria<\/title>\n<meta name=\"robots\" content=\"index, follow, max-snippet:-1, max-image-preview:large, max-video-preview:-1\" \/>\n<link rel=\"canonical\" href=\"http:\/\/ergoehealthconsultoria.com.br\/site\/servicos\/avaliacoes-analises-de-queixa-de-dor-musculo-esqueletica\/\" \/>\n<meta property=\"og:locale\" content=\"pt_BR\" \/>\n<meta property=\"og:type\" content=\"article\" \/>\n<meta property=\"og:title\" content=\"Avalia\u00e7\u00f5es\/An\u00e1lises de Queixa de Dor M\u00fasculo Esquel\u00e9tica - Ergo &amp; Health Consultoria\" \/>\n<meta property=\"og:description\" content=\"Avalia\u00e7\u00f5es fisioterap\u00eauticas para orienta\u00e7\u00f5es, realiza\u00e7\u00e3o de restri\u00e7\u00f5es, readapta\u00e7\u00f5es e a\u00e7\u00f5es para controle de absente\u00edsmo;\" \/>\n<meta property=\"og:url\" content=\"http:\/\/ergoehealthconsultoria.com.br\/site\/servicos\/avaliacoes-analises-de-queixa-de-dor-musculo-esqueletica\/\" \/>\n<meta property=\"og:site_name\" content=\"Ergo &amp; Health Consultoria\" \/>\n<meta property=\"article:modified_time\" content=\"2020-08-12T18:50:12+00:00\" \/>\n<meta name=\"twitter:card\" content=\"summary_large_image\" \/>\n<script type=\"application\/ld+json\" class=\"yoast-schema-graph\">{\"@context\":\"https:\/\/schema.org\",\"@graph\":[{\"@type\":\"WebSite\",\"@id\":\"https:\/\/ergoehealthconsultoria.com.br\/site\/#website\",\"url\":\"https:\/\/ergoehealthconsultoria.com.br\/site\/\",\"name\":\"Ergo &amp; Health Consultoria\",\"description\":\"Ergonomia e Qualidade de Vida\",\"potentialAction\":[{\"@type\":\"SearchAction\",\"target\":\"https:\/\/ergoehealthconsultoria.com.br\/site\/?s={search_term_string}\",\"query-input\":\"required name=search_term_string\"}],\"inLanguage\":\"pt-BR\"},{\"@type\":\"WebPage\",\"@id\":\"http:\/\/ergoehealthconsultoria.com.br\/site\/servicos\/avaliacoes-analises-de-queixa-de-dor-musculo-esqueletica\/#webpage\",\"url\":\"http:\/\/ergoehealthconsultoria.com.br\/site\/servicos\/avaliacoes-analises-de-queixa-de-dor-musculo-esqueletica\/\",\"name\":\"Avalia\\u00e7\\u00f5es\/An\\u00e1lises de Queixa de Dor M\\u00fasculo Esquel\\u00e9tica - Ergo &amp; Health Consultoria\",\"isPartOf\":{\"@id\":\"https:\/\/ergoehealthconsultoria.com.br\/site\/#website\"},\"datePublished\":\"2020-08-12T18:50:11+00:00\",\"dateModified\":\"2020-08-12T18:50:12+00:00\",\"inLanguage\":\"pt-BR\",\"potentialAction\":[{\"@type\":\"ReadAction\",\"target\":[\"http:\/\/ergoehealthconsultoria.com.br\/site\/servicos\/avaliacoes-analises-de-queixa-de-dor-musculo-esqueletica\/\"]}]}]}<\/script>\n<!-- \/ Yoast SEO plugin. -->","_links":{"self":[{"href":"https:\/\/ergoehealthconsultoria.com.br\/site\/wp-json\/wp\/v2\/pages\/426"}],"collection":[{"href":"https:\/\/ergoehealthconsultoria.com.br\/site\/wp-json\/wp\/v2\/pages"}],"about":[{"href":"https:\/\/ergoehealthconsultoria.com.br\/site\/wp-json\/wp\/v2\/types\/page"}],"author":[{"embeddable":true,"href":"https:\/\/ergoehealthconsultoria.com.br\/site\/wp-json\/wp\/v2\/users\/1"}],"replies":[{"embeddable":true,"href":"https:\/\/ergoehealthconsultoria.com.br\/site\/wp-json\/wp\/v2\/comments?post=426"}],"version-history":[{"count":2,"href":"https:\/\/ergoehealthconsultoria.com.br\/site\/wp-json\/wp\/v2\/pages\/426\/revisions"}],"predecessor-version":[{"id":428,"href":"https:\/\/ergoehealthconsultoria.com.br\/site\/wp-json\/wp\/v2\/pages\/426\/revisions\/428"}],"up":[{"embeddable":true,"href":"https:\/\/ergoehealthconsultoria.com.br\/site\/wp-json\/wp\/v2\/pages\/17"}],"wp:attachment":[{"href":"https:\/\/ergoehealthconsultoria.com.br\/site\/wp-json\/wp\/v2\/media?parent=426"}],"curies":[{"name":"wp","href":"https:\/\/api.w.org\/{rel}","templated":true}]}}