{"id":435,"date":"2020-08-12T15:53:11","date_gmt":"2020-08-12T18:53:11","guid":{"rendered":"http:\/\/ergoehealth.com.br\/site\/?page_id=435"},"modified":"2020-08-24T16:10:01","modified_gmt":"2020-08-24T19:10:01","slug":"implantacao-e-acompanhamento-de-comite-de-ergonomia-coergo","status":"publish","type":"page","link":"https:\/\/ergoehealthconsultoria.com.br\/site\/servicos\/implantacao-e-acompanhamento-de-comite-de-ergonomia-coergo\/","title":{"rendered":"Implanta\u00e7\u00e3o e acompanhamento de Comit\u00ea de Ergonomia (COERGO)"},"content":{"rendered":"<div id=\"pl-435\"  class=\"panel-layout\" ><div id=\"pg-435-0\"  class=\"panel-grid panel-no-style\" ><div id=\"pgc-435-0-0\"  class=\"panel-grid-cell\" ><div id=\"panel-435-0-0-0\" class=\"so-panel widget widget_sow-editor panel-first-child panel-last-child\" data-index=\"0\" ><div class=\"so-widget-sow-editor so-widget-sow-editor-base\">\n<div class=\"siteorigin-widget-tinymce textwidget\">\n\t<p>Implanta\u00e7\u00e3o e Manuten\u00e7\u00e3o de reuni\u00f5es peri\u00f3dicas juntamente com um grupo de colaboradores da empresa (colaboradores treinados) com o objetivo de entender, acompanhar, interagir e buscar solu\u00e7\u00f5es para os problemas ergon\u00f4micos existentes de forma gradativa e sistem\u00e1tica, evitando esfor\u00e7os isolados \u2013 de acordo com as prioridades.<\/p>\n<\/div>\n<\/div><\/div><\/div><div id=\"pgc-435-0-1\"  class=\"panel-grid-cell\" ><div id=\"panel-435-0-1-0\" class=\"so-panel widget widget_sow-image panel-first-child panel-last-child\" data-index=\"1\" ><div class=\"so-widget-sow-image so-widget-sow-image-default-d6014b76747a\">\n\n<div class=\"sow-image-container\">\n\t<img src=\"https:\/\/ergoehealthconsultoria.com.br\/site\/wp-content\/uploads\/2020\/07\/serv16.jpg\" width=\"900\" height=\"506\" srcset=\"https:\/\/ergoehealthconsultoria.com.br\/site\/wp-content\/uploads\/2020\/07\/serv16.jpg 900w, https:\/\/ergoehealthconsultoria.com.br\/site\/wp-content\/uploads\/2020\/07\/serv16-300x169.jpg 300w, https:\/\/ergoehealthconsultoria.com.br\/site\/wp-content\/uploads\/2020\/07\/serv16-768x432.jpg 768w\" sizes=\"(max-width: 900px) 100vw, 900px\" alt=\"\" \t\tclass=\"so-widget-image\"\/>\n<\/div>\n\n<\/div><\/div><\/div><\/div><\/div>","protected":false},"excerpt":{"rendered":"<p>Implanta\u00e7\u00e3o e Manuten\u00e7\u00e3o de reuni\u00f5es peri\u00f3dicas juntamente com um grupo de colaboradores da empresa (colaboradores treinados) com o objetivo de entender, acompanhar, interagir e buscar solu\u00e7\u00f5es para os problemas ergon\u00f4micos existentes de forma gradativa e sistem\u00e1tica, evitando esfor\u00e7os isolados \u2013 de acordo com as prioridades.<\/p>\n","protected":false},"author":1,"featured_media":0,"parent":17,"menu_order":17,"comment_status":"closed","ping_status":"closed","template":"","meta":[],"yoast_head":"<!-- This site is optimized with the Yoast SEO plugin v14.9 - https:\/\/yoast.com\/wordpress\/plugins\/seo\/ -->\n<title>Implanta\u00e7\u00e3o e acompanhamento de Comit\u00ea de Ergonomia (COERGO) - Ergo &amp; Health Consultoria<\/title>\n<meta name=\"robots\" content=\"index, follow, max-snippet:-1, max-image-preview:large, max-video-preview:-1\" \/>\n<link rel=\"canonical\" href=\"http:\/\/ergoehealthconsultoria.com.br\/site\/servicos\/implantacao-e-acompanhamento-de-comite-de-ergonomia-coergo\/\" \/>\n<meta property=\"og:locale\" content=\"pt_BR\" \/>\n<meta property=\"og:type\" content=\"article\" \/>\n<meta property=\"og:title\" content=\"Implanta\u00e7\u00e3o e acompanhamento de Comit\u00ea de Ergonomia (COERGO) - Ergo &amp; Health Consultoria\" \/>\n<meta property=\"og:description\" content=\"Implanta\u00e7\u00e3o e Manuten\u00e7\u00e3o de reuni\u00f5es peri\u00f3dicas juntamente com um grupo de colaboradores da empresa (colaboradores treinados) com o objetivo de entender, acompanhar, interagir e buscar solu\u00e7\u00f5es para os problemas ergon\u00f4micos existentes de forma gradativa e sistem\u00e1tica, evitando esfor\u00e7os isolados \u2013 de acordo com as prioridades.\" \/>\n<meta property=\"og:url\" content=\"http:\/\/ergoehealthconsultoria.com.br\/site\/servicos\/implantacao-e-acompanhamento-de-comite-de-ergonomia-coergo\/\" \/>\n<meta property=\"og:site_name\" content=\"Ergo &amp; Health Consultoria\" \/>\n<meta property=\"article:modified_time\" content=\"2020-08-24T19:10:01+00:00\" \/>\n<meta name=\"twitter:card\" content=\"summary_large_image\" \/>\n<script type=\"application\/ld+json\" class=\"yoast-schema-graph\">{\"@context\":\"https:\/\/schema.org\",\"@graph\":[{\"@type\":\"WebSite\",\"@id\":\"https:\/\/ergoehealthconsultoria.com.br\/site\/#website\",\"url\":\"https:\/\/ergoehealthconsultoria.com.br\/site\/\",\"name\":\"Ergo &amp; Health Consultoria\",\"description\":\"Ergonomia e Qualidade de Vida\",\"potentialAction\":[{\"@type\":\"SearchAction\",\"target\":\"https:\/\/ergoehealthconsultoria.com.br\/site\/?s={search_term_string}\",\"query-input\":\"required name=search_term_string\"}],\"inLanguage\":\"pt-BR\"},{\"@type\":\"WebPage\",\"@id\":\"http:\/\/ergoehealthconsultoria.com.br\/site\/servicos\/implantacao-e-acompanhamento-de-comite-de-ergonomia-coergo\/#webpage\",\"url\":\"http:\/\/ergoehealthconsultoria.com.br\/site\/servicos\/implantacao-e-acompanhamento-de-comite-de-ergonomia-coergo\/\",\"name\":\"Implanta\\u00e7\\u00e3o e acompanhamento de Comit\\u00ea de Ergonomia (COERGO) - Ergo &amp; Health Consultoria\",\"isPartOf\":{\"@id\":\"https:\/\/ergoehealthconsultoria.com.br\/site\/#website\"},\"datePublished\":\"2020-08-12T18:53:11+00:00\",\"dateModified\":\"2020-08-24T19:10:01+00:00\",\"inLanguage\":\"pt-BR\",\"potentialAction\":[{\"@type\":\"ReadAction\",\"target\":[\"http:\/\/ergoehealthconsultoria.com.br\/site\/servicos\/implantacao-e-acompanhamento-de-comite-de-ergonomia-coergo\/\"]}]}]}<\/script>\n<!-- \/ Yoast SEO plugin. -->","_links":{"self":[{"href":"https:\/\/ergoehealthconsultoria.com.br\/site\/wp-json\/wp\/v2\/pages\/435"}],"collection":[{"href":"https:\/\/ergoehealthconsultoria.com.br\/site\/wp-json\/wp\/v2\/pages"}],"about":[{"href":"https:\/\/ergoehealthconsultoria.com.br\/site\/wp-json\/wp\/v2\/types\/page"}],"author":[{"embeddable":true,"href":"https:\/\/ergoehealthconsultoria.com.br\/site\/wp-json\/wp\/v2\/users\/1"}],"replies":[{"embeddable":true,"href":"https:\/\/ergoehealthconsultoria.com.br\/site\/wp-json\/wp\/v2\/comments?post=435"}],"version-history":[{"count":4,"href":"https:\/\/ergoehealthconsultoria.com.br\/site\/wp-json\/wp\/v2\/pages\/435\/revisions"}],"predecessor-version":[{"id":497,"href":"https:\/\/ergoehealthconsultoria.com.br\/site\/wp-json\/wp\/v2\/pages\/435\/revisions\/497"}],"up":[{"embeddable":true,"href":"https:\/\/ergoehealthconsultoria.com.br\/site\/wp-json\/wp\/v2\/pages\/17"}],"wp:attachment":[{"href":"https:\/\/ergoehealthconsultoria.com.br\/site\/wp-json\/wp\/v2\/media?parent=435"}],"curies":[{"name":"wp","href":"https:\/\/api.w.org\/{rel}","templated":true}]}}